{"id":9064,"date":"2020-11-12T08:56:54","date_gmt":"2020-11-12T07:56:54","guid":{"rendered":"https:\/\/sfu.sk\/eshop\/antonin-vaverka-me-vzpominky-od-zlate-prahy-az-po-americke-hvezdy\/"},"modified":"2023-08-30T09:42:40","modified_gmt":"2023-08-30T07:42:40","slug":"antonin-vaverka-me-vzpominky-od-zlate-prahy-az-po-americke-hvezdy","status":"publish","type":"product","link":"https:\/\/sfu.sk\/en\/eshop\/antonin-vaverka-me-vzpominky-od-zlate-prahy-az-po-americke-hvezdy\/","title":{"rendered":"Anton\u00edn Vaverka. M\u00e9 vzpom\u00ednky od zlat\u00e9 Prahy a\u017e po americk\u00e9 hv\u011bzdy"},"content":{"rendered":"","protected":false},"excerpt":{"rendered":"","protected":false},"featured_media":5490,"comment_status":"closed","ping_status":"open","template":"","meta":{"_acf_changed":false,"inline_featured_image":false},"product_brand":[],"product_cat":[72],"product_tag":[],"class_list":{"0":"post-9064","1":"product","2":"type-product","3":"status-publish","4":"has-post-thumbnail","6":"product_cat-nezaradene","7":"vydavatel-tituly-ine-en","9":"first","10":"instock","11":"purchasable","12":"product-type-simple"},"acf":[],"_links":{"self":[{"href":"https:\/\/sfu.sk\/en\/wp-json\/wp\/v2\/product\/9064","targetHints":{"allow":["GET"]}}],"collection":[{"href":"https:\/\/sfu.sk\/en\/wp-json\/wp\/v2\/product"}],"about":[{"href":"https:\/\/sfu.sk\/en\/wp-json\/wp\/v2\/types\/product"}],"replies":[{"embeddable":true,"href":"https:\/\/sfu.sk\/en\/wp-json\/wp\/v2\/comments?post=9064"}],"wp:featuredmedia":[{"embeddable":true,"href":"https:\/\/sfu.sk\/en\/wp-json\/wp\/v2\/media\/5490"}],"wp:attachment":[{"href":"https:\/\/sfu.sk\/en\/wp-json\/wp\/v2\/media?parent=9064"}],"wp:term":[{"taxonomy":"product_brand","embeddable":true,"href":"https:\/\/sfu.sk\/en\/wp-json\/wp\/v2\/product_brand?post=9064"},{"taxonomy":"product_cat","embeddable":true,"href":"https:\/\/sfu.sk\/en\/wp-json\/wp\/v2\/product_cat?post=9064"},{"taxonomy":"product_tag","embeddable":true,"href":"https:\/\/sfu.sk\/en\/wp-json\/wp\/v2\/product_tag?post=9064"}],"curies":[{"name":"wp","href":"https:\/\/api.w.org\/{rel}","templated":true}]}}