{"id":9068,"date":"2020-11-20T14:55:18","date_gmt":"2020-11-20T13:55:18","guid":{"rendered":"https:\/\/sfu.sk\/eshop\/arteacta-c-3\/"},"modified":"2023-08-30T09:42:41","modified_gmt":"2023-08-30T07:42:41","slug":"arteacta-c-3","status":"publish","type":"product","link":"https:\/\/sfu.sk\/en\/eshop\/arteacta-c-3\/","title":{"rendered":"ArteActa \u010d. 3"},"content":{"rendered":"<h3>\n\t<strong>Technick\u00e9 inform\u00e1cie<\/strong><\/h3>\n<p>\n\t<strong>Vydavate\u013e<\/strong>: Akademie m\u00fazick\u00fdch um\u011bn\u00ed v Praze, Praha 2020, 2. ro\u010dn\u00edk<br \/>\n\t<strong>Jazyk<\/strong>: \u010desk\u00fd<br \/>\n\t<strong>Po\u010det str\u00e1n<\/strong>: 128 s.<br \/>\n\t<strong>V\u00e4zba:<\/strong> V2<br \/>\n\t<strong>ISSN: <\/strong>2571-1695<\/p>\n","protected":false},"excerpt":{"rendered":"<p>Technick\u00e9 inform\u00e1cie Vydavate\u013e: Akademie m\u00fazick\u00fdch um\u011bn\u00ed v Praze, Praha 2020, 2. ro\u010dn\u00edk Jazyk: \u010desk\u00fd Po\u010det str\u00e1n: 128 s. V\u00e4zba: V2 ISSN: 2571-1695<\/p>\n","protected":false},"featured_media":5502,"comment_status":"closed","ping_status":"closed","template":"","meta":{"_acf_changed":false,"inline_featured_image":false},"product_brand":[],"product_cat":[],"product_tag":[],"class_list":{"0":"post-9068","1":"product","2":"type-product","3":"status-publish","4":"has-post-thumbnail","6":"vydavatel-tituly-ine-en","8":"first","9":"instock","10":"purchasable","11":"product-type-simple"},"acf":[],"_links":{"self":[{"href":"https:\/\/sfu.sk\/en\/wp-json\/wp\/v2\/product\/9068","targetHints":{"allow":["GET"]}}],"collection":[{"href":"https:\/\/sfu.sk\/en\/wp-json\/wp\/v2\/product"}],"about":[{"href":"https:\/\/sfu.sk\/en\/wp-json\/wp\/v2\/types\/product"}],"replies":[{"embeddable":true,"href":"https:\/\/sfu.sk\/en\/wp-json\/wp\/v2\/comments?post=9068"}],"wp:featuredmedia":[{"embeddable":true,"href":"https:\/\/sfu.sk\/en\/wp-json\/wp\/v2\/media\/5502"}],"wp:attachment":[{"href":"https:\/\/sfu.sk\/en\/wp-json\/wp\/v2\/media?parent=9068"}],"wp:term":[{"taxonomy":"product_brand","embeddable":true,"href":"https:\/\/sfu.sk\/en\/wp-json\/wp\/v2\/product_brand?post=9068"},{"taxonomy":"product_cat","embeddable":true,"href":"https:\/\/sfu.sk\/en\/wp-json\/wp\/v2\/product_cat?post=9068"},{"taxonomy":"product_tag","embeddable":true,"href":"https:\/\/sfu.sk\/en\/wp-json\/wp\/v2\/product_tag?post=9068"}],"curies":[{"name":"wp","href":"https:\/\/api.w.org\/{rel}","templated":true}]}}