{"id":9075,"date":"2022-05-23T09:30:41","date_gmt":"2022-05-23T07:30:41","guid":{"rendered":"https:\/\/sfu.sk\/eshop\/autorka-neklidu-vera-chytilova-ocima-ceske-filmove-kritiky\/"},"modified":"2023-08-30T09:42:43","modified_gmt":"2023-08-30T07:42:43","slug":"autorka-neklidu-vera-chytilova-ocima-ceske-filmove-kritiky","status":"publish","type":"product","link":"https:\/\/sfu.sk\/en\/eshop\/autorka-neklidu-vera-chytilova-ocima-ceske-filmove-kritiky\/","title":{"rendered":"Autorka neklidu &#8211; V\u011bra Chytilov\u00e1 o\u010dima \u010desk\u00e9 filmov\u00e9 kritiky"},"content":{"rendered":"","protected":false},"excerpt":{"rendered":"","protected":false},"featured_media":5523,"comment_status":"closed","ping_status":"open","template":"","meta":{"_acf_changed":false,"inline_featured_image":false},"product_brand":[],"product_cat":[72],"product_tag":[],"class_list":{"0":"post-9075","1":"product","2":"type-product","3":"status-publish","4":"has-post-thumbnail","6":"product_cat-nezaradene","7":"vydavatel-tituly-ine-en","9":"first","10":"instock","11":"purchasable","12":"product-type-simple"},"acf":[],"_links":{"self":[{"href":"https:\/\/sfu.sk\/en\/wp-json\/wp\/v2\/product\/9075","targetHints":{"allow":["GET"]}}],"collection":[{"href":"https:\/\/sfu.sk\/en\/wp-json\/wp\/v2\/product"}],"about":[{"href":"https:\/\/sfu.sk\/en\/wp-json\/wp\/v2\/types\/product"}],"replies":[{"embeddable":true,"href":"https:\/\/sfu.sk\/en\/wp-json\/wp\/v2\/comments?post=9075"}],"wp:featuredmedia":[{"embeddable":true,"href":"https:\/\/sfu.sk\/en\/wp-json\/wp\/v2\/media\/5523"}],"wp:attachment":[{"href":"https:\/\/sfu.sk\/en\/wp-json\/wp\/v2\/media?parent=9075"}],"wp:term":[{"taxonomy":"product_brand","embeddable":true,"href":"https:\/\/sfu.sk\/en\/wp-json\/wp\/v2\/product_brand?post=9075"},{"taxonomy":"product_cat","embeddable":true,"href":"https:\/\/sfu.sk\/en\/wp-json\/wp\/v2\/product_cat?post=9075"},{"taxonomy":"product_tag","embeddable":true,"href":"https:\/\/sfu.sk\/en\/wp-json\/wp\/v2\/product_tag?post=9075"}],"curies":[{"name":"wp","href":"https:\/\/api.w.org\/{rel}","templated":true}]}}