{"id":9082,"date":"2016-01-27T12:22:21","date_gmt":"2016-01-27T11:22:21","guid":{"rendered":"https:\/\/sfu.sk\/eshop\/bela-balazs-chvala-filmoveho-umenia\/"},"modified":"2023-08-30T09:42:45","modified_gmt":"2023-08-30T07:42:45","slug":"bela-balazs-chvala-filmoveho-umenia","status":"publish","type":"product","link":"https:\/\/sfu.sk\/en\/eshop\/bela-balazs-chvala-filmoveho-umenia\/","title":{"rendered":"B\u00e9la Bal\u00e1zs. Chv\u00e1la filmov\u00e9ho umenia"},"content":{"rendered":"<p>\n\tB\u00e9la Bal\u00e1zs \u2013 In Praise of the Art of Cinema + bonus DVD Dragon\u2019s Return<br \/>\n\tThe anthology B\u00e9la Bal\u00e1zs \u2013 In Praise of the Art of Cinema comprises the articles from the 12th Czech and Slovak Film Studies Conference, held on October 22 \u2013 25, 2009 in Levo\u010da. The annual conference inviting Czech and Slovak film scholars and historians focused on the oeuvre of B\u00e9la Bal\u00e1zs (1884\u20131949), filmmaker and pioneer of film theory in the first half of the 20th century.<\/p>\n","protected":false},"excerpt":{"rendered":"<p>B\u00e9la Bal\u00e1zs \u2013 In Praise of the Art of Cinema + bonus DVD Dragon\u2019s Return The anthology B\u00e9la Bal\u00e1zs \u2013 In Praise of the Art of Cinema comprises the articles from the 12th Czech and Slovak Film Studies Conference, held on October 22 \u2013 25, 2009 in Levo\u010da. The annual conference inviting Czech and Slovak [&hellip;]<\/p>\n","protected":false},"featured_media":5544,"comment_status":"closed","ping_status":"closed","template":"","meta":{"_acf_changed":false,"inline_featured_image":false},"product_brand":[],"product_cat":[],"product_tag":[],"class_list":{"0":"post-9082","1":"product","2":"type-product","3":"status-publish","4":"has-post-thumbnail","6":"vydavatel-tituly-sfu-en","8":"first","9":"instock","10":"purchasable","11":"product-type-simple"},"acf":[],"_links":{"self":[{"href":"https:\/\/sfu.sk\/en\/wp-json\/wp\/v2\/product\/9082","targetHints":{"allow":["GET"]}}],"collection":[{"href":"https:\/\/sfu.sk\/en\/wp-json\/wp\/v2\/product"}],"about":[{"href":"https:\/\/sfu.sk\/en\/wp-json\/wp\/v2\/types\/product"}],"replies":[{"embeddable":true,"href":"https:\/\/sfu.sk\/en\/wp-json\/wp\/v2\/comments?post=9082"}],"wp:featuredmedia":[{"embeddable":true,"href":"https:\/\/sfu.sk\/en\/wp-json\/wp\/v2\/media\/5544"}],"wp:attachment":[{"href":"https:\/\/sfu.sk\/en\/wp-json\/wp\/v2\/media?parent=9082"}],"wp:term":[{"taxonomy":"product_brand","embeddable":true,"href":"https:\/\/sfu.sk\/en\/wp-json\/wp\/v2\/product_brand?post=9082"},{"taxonomy":"product_cat","embeddable":true,"href":"https:\/\/sfu.sk\/en\/wp-json\/wp\/v2\/product_cat?post=9082"},{"taxonomy":"product_tag","embeddable":true,"href":"https:\/\/sfu.sk\/en\/wp-json\/wp\/v2\/product_tag?post=9082"}],"curies":[{"name":"wp","href":"https:\/\/api.w.org\/{rel}","templated":true}]}}