{"id":9086,"date":"2016-03-30T09:01:20","date_gmt":"2016-03-30T07:01:20","guid":{"rendered":"https:\/\/sfu.sk\/eshop\/birds-orphans-and-fools\/"},"modified":"2023-08-30T09:42:46","modified_gmt":"2023-08-30T07:42:46","slug":"birds-orphans-and-fools","status":"publish","type":"product","link":"https:\/\/sfu.sk\/en\/eshop\/birds-orphans-and-fools\/","title":{"rendered":"Birds, Orphans and Fools"},"content":{"rendered":"<p>\n\tRanked among the five best Slovak films by Slovak and Czech film critics, Juraj Jakubisko&#8217;s long-repressed tale of love, death and insanity focuses on the unconventional relationship between two men and a Jewish orphan girl (Marketa Lazarov\u00e1&#8217;s eponymous Magda V\u00e1\u0161\u00e1ryov\u00e1) as they travail a war-torn landscape of bombed-out churches and wrecked homes. Their triangular relationship echoes Truffaut&#8217;s Jules et Jim &#8211; but Jakubisko&#8217;s protagonists have no romantic ideals; they are all orphans, products of an absurd world in which war, violence and death predominate.<\/p>\n","protected":false},"excerpt":{"rendered":"<p>Ranked among the five best Slovak films by Slovak and Czech film critics, Juraj Jakubisko&#8217;s long-repressed tale of love, death and insanity focuses on the unconventional relationship between two men and a Jewish orphan girl (Marketa Lazarov\u00e1&#8217;s eponymous Magda V\u00e1\u0161\u00e1ryov\u00e1) as they travail a war-torn landscape of bombed-out churches and wrecked homes. Their triangular relationship [&hellip;]<\/p>\n","protected":false},"featured_media":5556,"comment_status":"closed","ping_status":"closed","template":"","meta":{"_acf_changed":false,"inline_featured_image":false},"product_brand":[],"product_cat":[],"product_tag":[],"class_list":{"0":"post-9086","1":"product","2":"type-product","3":"status-publish","4":"has-post-thumbnail","6":"vydavatel-tituly-ine-en","8":"first","9":"outofstock","10":"purchasable","11":"product-type-simple"},"acf":[],"_links":{"self":[{"href":"https:\/\/sfu.sk\/en\/wp-json\/wp\/v2\/product\/9086","targetHints":{"allow":["GET"]}}],"collection":[{"href":"https:\/\/sfu.sk\/en\/wp-json\/wp\/v2\/product"}],"about":[{"href":"https:\/\/sfu.sk\/en\/wp-json\/wp\/v2\/types\/product"}],"replies":[{"embeddable":true,"href":"https:\/\/sfu.sk\/en\/wp-json\/wp\/v2\/comments?post=9086"}],"wp:featuredmedia":[{"embeddable":true,"href":"https:\/\/sfu.sk\/en\/wp-json\/wp\/v2\/media\/5556"}],"wp:attachment":[{"href":"https:\/\/sfu.sk\/en\/wp-json\/wp\/v2\/media?parent=9086"}],"wp:term":[{"taxonomy":"product_brand","embeddable":true,"href":"https:\/\/sfu.sk\/en\/wp-json\/wp\/v2\/product_brand?post=9086"},{"taxonomy":"product_cat","embeddable":true,"href":"https:\/\/sfu.sk\/en\/wp-json\/wp\/v2\/product_cat?post=9086"},{"taxonomy":"product_tag","embeddable":true,"href":"https:\/\/sfu.sk\/en\/wp-json\/wp\/v2\/product_tag?post=9086"}],"curies":[{"name":"wp","href":"https:\/\/api.w.org\/{rel}","templated":true}]}}