{"id":9168,"date":"2019-04-05T09:39:10","date_gmt":"2019-04-05T07:39:10","guid":{"rendered":"https:\/\/sfu.sk\/eshop\/cestovatele-hanzelka-a-zikmund-sberatelska-kolekce-9-dvd\/"},"modified":"2023-08-30T09:43:12","modified_gmt":"2023-08-30T07:43:12","slug":"cestovatele-hanzelka-a-zikmund-sberatelska-kolekce-9-dvd","status":"publish","type":"product","link":"https:\/\/sfu.sk\/en\/eshop\/cestovatele-hanzelka-a-zikmund-sberatelska-kolekce-9-dvd\/","title":{"rendered":"Cestovatel\u00e9 Hanzelka a Zikmund &#8211; sb\u011bratelsk\u00e1 kolekce 9 DVD"},"content":{"rendered":"","protected":false},"excerpt":{"rendered":"","protected":false},"featured_media":5802,"comment_status":"closed","ping_status":"closed","template":"","meta":{"_acf_changed":false,"inline_featured_image":false},"product_brand":[],"product_cat":[],"product_tag":[],"class_list":{"0":"post-9168","1":"product","2":"type-product","3":"status-publish","4":"has-post-thumbnail","6":"vydavatel-tituly-ine-en","8":"first","9":"outofstock","10":"purchasable","11":"product-type-simple"},"acf":[],"_links":{"self":[{"href":"https:\/\/sfu.sk\/en\/wp-json\/wp\/v2\/product\/9168","targetHints":{"allow":["GET"]}}],"collection":[{"href":"https:\/\/sfu.sk\/en\/wp-json\/wp\/v2\/product"}],"about":[{"href":"https:\/\/sfu.sk\/en\/wp-json\/wp\/v2\/types\/product"}],"replies":[{"embeddable":true,"href":"https:\/\/sfu.sk\/en\/wp-json\/wp\/v2\/comments?post=9168"}],"wp:featuredmedia":[{"embeddable":true,"href":"https:\/\/sfu.sk\/en\/wp-json\/wp\/v2\/media\/5802"}],"wp:attachment":[{"href":"https:\/\/sfu.sk\/en\/wp-json\/wp\/v2\/media?parent=9168"}],"wp:term":[{"taxonomy":"product_brand","embeddable":true,"href":"https:\/\/sfu.sk\/en\/wp-json\/wp\/v2\/product_brand?post=9168"},{"taxonomy":"product_cat","embeddable":true,"href":"https:\/\/sfu.sk\/en\/wp-json\/wp\/v2\/product_cat?post=9168"},{"taxonomy":"product_tag","embeddable":true,"href":"https:\/\/sfu.sk\/en\/wp-json\/wp\/v2\/product_tag?post=9168"}],"curies":[{"name":"wp","href":"https:\/\/api.w.org\/{rel}","templated":true}]}}