{"id":9235,"date":"2017-10-09T10:09:57","date_gmt":"2017-10-09T08:09:57","guid":{"rendered":"https:\/\/sfu.sk\/eshop\/co-je-noveho-ve-filmove-vede\/"},"modified":"2023-08-30T09:43:32","modified_gmt":"2023-08-30T07:43:32","slug":"co-je-noveho-ve-filmove-vede","status":"publish","type":"product","link":"https:\/\/sfu.sk\/en\/eshop\/co-je-noveho-ve-filmove-vede\/","title":{"rendered":"Co je nov\u00e9ho ve filmov\u00e9 v\u011bde"},"content":{"rendered":"","protected":false},"excerpt":{"rendered":"","protected":false},"featured_media":6003,"comment_status":"closed","ping_status":"open","template":"","meta":{"_acf_changed":false,"inline_featured_image":false},"product_brand":[],"product_cat":[72],"product_tag":[],"class_list":{"0":"post-9235","1":"product","2":"type-product","3":"status-publish","4":"has-post-thumbnail","6":"product_cat-nezaradene","7":"vydavatel-tituly-ine-en","9":"first","10":"instock","11":"purchasable","12":"product-type-simple"},"acf":[],"_links":{"self":[{"href":"https:\/\/sfu.sk\/en\/wp-json\/wp\/v2\/product\/9235","targetHints":{"allow":["GET"]}}],"collection":[{"href":"https:\/\/sfu.sk\/en\/wp-json\/wp\/v2\/product"}],"about":[{"href":"https:\/\/sfu.sk\/en\/wp-json\/wp\/v2\/types\/product"}],"replies":[{"embeddable":true,"href":"https:\/\/sfu.sk\/en\/wp-json\/wp\/v2\/comments?post=9235"}],"wp:featuredmedia":[{"embeddable":true,"href":"https:\/\/sfu.sk\/en\/wp-json\/wp\/v2\/media\/6003"}],"wp:attachment":[{"href":"https:\/\/sfu.sk\/en\/wp-json\/wp\/v2\/media?parent=9235"}],"wp:term":[{"taxonomy":"product_brand","embeddable":true,"href":"https:\/\/sfu.sk\/en\/wp-json\/wp\/v2\/product_brand?post=9235"},{"taxonomy":"product_cat","embeddable":true,"href":"https:\/\/sfu.sk\/en\/wp-json\/wp\/v2\/product_cat?post=9235"},{"taxonomy":"product_tag","embeddable":true,"href":"https:\/\/sfu.sk\/en\/wp-json\/wp\/v2\/product_tag?post=9235"}],"curies":[{"name":"wp","href":"https:\/\/api.w.org\/{rel}","templated":true}]}}