{"id":9260,"date":"2016-02-17T13:35:43","date_gmt":"2016-02-17T12:35:43","guid":{"rendered":"https:\/\/sfu.sk\/eshop\/diagnozy-casu-cesky-a-slovensky-povalecny-film\/"},"modified":"2023-08-30T09:43:41","modified_gmt":"2023-08-30T07:43:41","slug":"diagnozy-casu-cesky-a-slovensky-povalecny-film","status":"publish","type":"product","link":"https:\/\/sfu.sk\/en\/eshop\/diagnozy-casu-cesky-a-slovensky-povalecny-film\/","title":{"rendered":"Diagn\u00f3zy \u010dasu. \u010cesk\u00fd a slovensk\u00fd pov\u00e1le\u010dn\u00fd film"},"content":{"rendered":"","protected":false},"excerpt":{"rendered":"","protected":false},"featured_media":6078,"comment_status":"closed","ping_status":"closed","template":"","meta":{"_acf_changed":false,"inline_featured_image":false},"product_brand":[],"product_cat":[],"product_tag":[],"class_list":{"0":"post-9260","1":"product","2":"type-product","3":"status-publish","4":"has-post-thumbnail","6":"vydavatel-tituly-ine-en","8":"first","9":"instock","10":"purchasable","11":"product-type-simple"},"acf":[],"_links":{"self":[{"href":"https:\/\/sfu.sk\/en\/wp-json\/wp\/v2\/product\/9260","targetHints":{"allow":["GET"]}}],"collection":[{"href":"https:\/\/sfu.sk\/en\/wp-json\/wp\/v2\/product"}],"about":[{"href":"https:\/\/sfu.sk\/en\/wp-json\/wp\/v2\/types\/product"}],"replies":[{"embeddable":true,"href":"https:\/\/sfu.sk\/en\/wp-json\/wp\/v2\/comments?post=9260"}],"wp:featuredmedia":[{"embeddable":true,"href":"https:\/\/sfu.sk\/en\/wp-json\/wp\/v2\/media\/6078"}],"wp:attachment":[{"href":"https:\/\/sfu.sk\/en\/wp-json\/wp\/v2\/media?parent=9260"}],"wp:term":[{"taxonomy":"product_brand","embeddable":true,"href":"https:\/\/sfu.sk\/en\/wp-json\/wp\/v2\/product_brand?post=9260"},{"taxonomy":"product_cat","embeddable":true,"href":"https:\/\/sfu.sk\/en\/wp-json\/wp\/v2\/product_cat?post=9260"},{"taxonomy":"product_tag","embeddable":true,"href":"https:\/\/sfu.sk\/en\/wp-json\/wp\/v2\/product_tag?post=9260"}],"curies":[{"name":"wp","href":"https:\/\/api.w.org\/{rel}","templated":true}]}}