{"id":9262,"date":"2016-03-30T11:13:13","date_gmt":"2016-03-30T09:13:13","guid":{"rendered":"https:\/\/sfu.sk\/eshop\/dialogue-20-40-60-dialog-20-40-60\/"},"modified":"2023-08-30T09:43:42","modified_gmt":"2023-08-30T07:43:42","slug":"dialogue-20-40-60-dialog-20-40-60","status":"publish","type":"product","link":"https:\/\/sfu.sk\/en\/eshop\/dialogue-20-40-60-dialog-20-40-60\/","title":{"rendered":"Dialogue 20 40 60 (Dial\u00f3g 20 40 60)"},"content":{"rendered":"<p>\n\tVersion originale slovaque sous-titr\u00e9e fran\u00e7ais<br \/>\n\tLe commandant du camp de concentration Kraft s&#8217;aper\u00e7oit par hasard que le d\u00e9tenu Kominek est un ancien boxeur professionnel. Du jour au lendemain, il devient alors le sparring-partner de Kraft et obtient, malgr\u00e9 lui, une position privil\u00e9gi\u00e9e au sein du camp. Mais son attitude change apr\u00e8s la mort de son ami Venzlak&#8230;<br \/>\n\tLa sortie du BOXEUR ET LA MORT fut retard\u00e9e pour des raisons id\u00e9ologiques pendant des ann\u00e9es. L&#8217;innovation qu&#8217;il aurait repr\u00e9sent\u00e9 en 1956 fut donc moins surprenante en 1962, m\u00eame si le film demeure une des \u0153uvres les plus fortes jamais r\u00e9alis\u00e9es sur les camps de concentration. Le film obtint une reconnaissance internationale avec plusieurs prix au Festival de San Francisco. Figure de proue du nouveau cin\u00e9ma slovaque, Solan impose ensuite une \u0153uvre satyrique tr\u00e8s personnelle mais stopp\u00e9e apr\u00e8s 1970 et la normalisation.<br \/>\n\tCe film concilie la libert\u00e9 et les innovations d&#8217;un cin\u00e9aste majeur avec une mise en sc\u00e8ne d&#8217;une modernit\u00e9 impressionnante et tr\u00e8s os\u00e9e pour l&#8217;\u00e9poque: des acteurs allemands, qui, par un jeu sans effet, rendent leur insupportable inhumanit\u00e9 palpable; plusieurs langues parl\u00e9es (allemand, tch\u00e8que) pour un effet de r\u00e9alit\u00e9; une sobri\u00e9t\u00e9 exemplaire dans l&#8217;\u00e9vocation des camps de la mort, laissant l&#8217;imagination marquer les esprits plus qu&#8217;un lourd pathos et un sens visuel virtuose typique de cette d\u00e9cennie miraculeuse.<\/p>\n","protected":false},"excerpt":{"rendered":"<p>Version originale slovaque sous-titr\u00e9e fran\u00e7ais Le commandant du camp de concentration Kraft s&#8217;aper\u00e7oit par hasard que le d\u00e9tenu Kominek est un ancien boxeur professionnel. Du jour au lendemain, il devient alors le sparring-partner de Kraft et obtient, malgr\u00e9 lui, une position privil\u00e9gi\u00e9e au sein du camp. Mais son attitude change apr\u00e8s la mort de son [&hellip;]<\/p>\n","protected":false},"featured_media":6084,"comment_status":"closed","ping_status":"closed","template":"","meta":{"_acf_changed":false,"inline_featured_image":false},"product_brand":[],"product_cat":[],"product_tag":[],"class_list":{"0":"post-9262","1":"product","2":"type-product","3":"status-publish","4":"has-post-thumbnail","6":"vydavatel-tituly-ine-en","8":"first","9":"instock","10":"sale","11":"purchasable","12":"product-type-simple"},"acf":[],"_links":{"self":[{"href":"https:\/\/sfu.sk\/en\/wp-json\/wp\/v2\/product\/9262","targetHints":{"allow":["GET"]}}],"collection":[{"href":"https:\/\/sfu.sk\/en\/wp-json\/wp\/v2\/product"}],"about":[{"href":"https:\/\/sfu.sk\/en\/wp-json\/wp\/v2\/types\/product"}],"replies":[{"embeddable":true,"href":"https:\/\/sfu.sk\/en\/wp-json\/wp\/v2\/comments?post=9262"}],"wp:featuredmedia":[{"embeddable":true,"href":"https:\/\/sfu.sk\/en\/wp-json\/wp\/v2\/media\/6084"}],"wp:attachment":[{"href":"https:\/\/sfu.sk\/en\/wp-json\/wp\/v2\/media?parent=9262"}],"wp:term":[{"taxonomy":"product_brand","embeddable":true,"href":"https:\/\/sfu.sk\/en\/wp-json\/wp\/v2\/product_brand?post=9262"},{"taxonomy":"product_cat","embeddable":true,"href":"https:\/\/sfu.sk\/en\/wp-json\/wp\/v2\/product_cat?post=9262"},{"taxonomy":"product_tag","embeddable":true,"href":"https:\/\/sfu.sk\/en\/wp-json\/wp\/v2\/product_tag?post=9262"}],"curies":[{"name":"wp","href":"https:\/\/api.w.org\/{rel}","templated":true}]}}