{"id":9265,"date":"2019-06-07T08:37:32","date_gmt":"2019-06-07T06:37:32","guid":{"rendered":"https:\/\/sfu.sk\/eshop\/diktator-casu-de-kontextualizace-fenomenu-laterny-magiky\/"},"modified":"2023-08-30T09:43:42","modified_gmt":"2023-08-30T07:43:42","slug":"diktator-casu-de-kontextualizace-fenomenu-laterny-magiky","status":"publish","type":"product","link":"https:\/\/sfu.sk\/en\/eshop\/diktator-casu-de-kontextualizace-fenomenu-laterny-magiky\/","title":{"rendered":"Dikt\u00e1tor \u010dasu &#8211; (De)kontextualizace fenom\u00e9nu Laterny magiky"},"content":{"rendered":"","protected":false},"excerpt":{"rendered":"","protected":false},"featured_media":6093,"comment_status":"closed","ping_status":"closed","template":"","meta":{"_acf_changed":false,"inline_featured_image":false},"product_brand":[],"product_cat":[],"product_tag":[],"class_list":{"0":"post-9265","1":"product","2":"type-product","3":"status-publish","4":"has-post-thumbnail","6":"vydavatel-tituly-ine-en","8":"first","9":"instock","10":"sale","11":"purchasable","12":"product-type-simple"},"acf":[],"_links":{"self":[{"href":"https:\/\/sfu.sk\/en\/wp-json\/wp\/v2\/product\/9265","targetHints":{"allow":["GET"]}}],"collection":[{"href":"https:\/\/sfu.sk\/en\/wp-json\/wp\/v2\/product"}],"about":[{"href":"https:\/\/sfu.sk\/en\/wp-json\/wp\/v2\/types\/product"}],"replies":[{"embeddable":true,"href":"https:\/\/sfu.sk\/en\/wp-json\/wp\/v2\/comments?post=9265"}],"wp:featuredmedia":[{"embeddable":true,"href":"https:\/\/sfu.sk\/en\/wp-json\/wp\/v2\/media\/6093"}],"wp:attachment":[{"href":"https:\/\/sfu.sk\/en\/wp-json\/wp\/v2\/media?parent=9265"}],"wp:term":[{"taxonomy":"product_brand","embeddable":true,"href":"https:\/\/sfu.sk\/en\/wp-json\/wp\/v2\/product_brand?post=9265"},{"taxonomy":"product_cat","embeddable":true,"href":"https:\/\/sfu.sk\/en\/wp-json\/wp\/v2\/product_cat?post=9265"},{"taxonomy":"product_tag","embeddable":true,"href":"https:\/\/sfu.sk\/en\/wp-json\/wp\/v2\/product_tag?post=9265"}],"curies":[{"name":"wp","href":"https:\/\/api.w.org\/{rel}","templated":true}]}}