{"id":9267,"date":"2018-10-22T12:13:28","date_gmt":"2018-10-22T10:13:28","guid":{"rendered":"https:\/\/sfu.sk\/eshop\/distancni-montaz-artavazda-pelesjana\/"},"modified":"2023-08-30T09:43:43","modified_gmt":"2023-08-30T07:43:43","slug":"distancni-montaz-artavazda-pelesjana","status":"publish","type":"product","link":"https:\/\/sfu.sk\/en\/eshop\/distancni-montaz-artavazda-pelesjana\/","title":{"rendered":"Distan\u010dn\u00ed mont\u00e1\u017e Artavazda Pele\u0161jana"},"content":{"rendered":"","protected":false},"excerpt":{"rendered":"","protected":false},"featured_media":6099,"comment_status":"closed","ping_status":"open","template":"","meta":{"_acf_changed":false,"inline_featured_image":false},"product_brand":[],"product_cat":[72],"product_tag":[],"class_list":{"0":"post-9267","1":"product","2":"type-product","3":"status-publish","4":"has-post-thumbnail","6":"product_cat-nezaradene","7":"vydavatel-tituly-ine-en","9":"first","10":"instock","11":"purchasable","12":"product-type-simple"},"acf":[],"_links":{"self":[{"href":"https:\/\/sfu.sk\/en\/wp-json\/wp\/v2\/product\/9267","targetHints":{"allow":["GET"]}}],"collection":[{"href":"https:\/\/sfu.sk\/en\/wp-json\/wp\/v2\/product"}],"about":[{"href":"https:\/\/sfu.sk\/en\/wp-json\/wp\/v2\/types\/product"}],"replies":[{"embeddable":true,"href":"https:\/\/sfu.sk\/en\/wp-json\/wp\/v2\/comments?post=9267"}],"wp:featuredmedia":[{"embeddable":true,"href":"https:\/\/sfu.sk\/en\/wp-json\/wp\/v2\/media\/6099"}],"wp:attachment":[{"href":"https:\/\/sfu.sk\/en\/wp-json\/wp\/v2\/media?parent=9267"}],"wp:term":[{"taxonomy":"product_brand","embeddable":true,"href":"https:\/\/sfu.sk\/en\/wp-json\/wp\/v2\/product_brand?post=9267"},{"taxonomy":"product_cat","embeddable":true,"href":"https:\/\/sfu.sk\/en\/wp-json\/wp\/v2\/product_cat?post=9267"},{"taxonomy":"product_tag","embeddable":true,"href":"https:\/\/sfu.sk\/en\/wp-json\/wp\/v2\/product_tag?post=9267"}],"curies":[{"name":"wp","href":"https:\/\/api.w.org\/{rel}","templated":true}]}}