{"id":9283,"date":"2016-04-25T10:42:42","date_gmt":"2016-04-25T08:42:42","guid":{"rendered":"https:\/\/sfu.sk\/eshop\/dvd-film-nas-pomocnik-cesky-kratky-film-50-let\/"},"modified":"2023-08-30T09:43:47","modified_gmt":"2023-08-30T07:43:47","slug":"dvd-film-nas-pomocnik-cesky-kratky-film-50-let","status":"publish","type":"product","link":"https:\/\/sfu.sk\/en\/eshop\/dvd-film-nas-pomocnik-cesky-kratky-film-50-let\/","title":{"rendered":"DVD Film &#8211; Our Helper. Czech Short Films of the 1950s"},"content":{"rendered":"<p>\n\tAn extensive collection of informational and educational films from the years 1948-1959 reflects the changes in Czech society in the 1950s in terms of working habits and leisure activities. The films include works by well-known directors Franti\u0161ek Vl\u00e1\u010dil, Ladislav Rychman, Ji\u0159\u00ed Menzel, B\u0159etislav Pojar, and others. These movies represent a wide range of approaches and forms, from documentary records to staged productions with actors, animation, propaganda, and advertising. Many of these films are made available here for the first time since their original release.<\/p>\n","protected":false},"excerpt":{"rendered":"<p>An extensive collection of informational and educational films from the years 1948-1959 reflects the changes in Czech society in the 1950s in terms of working habits and leisure activities. The films include works by well-known directors Franti\u0161ek Vl\u00e1\u010dil, Ladislav Rychman, Ji\u0159\u00ed Menzel, B\u0159etislav Pojar, and others. These movies represent a wide range of approaches and [&hellip;]<\/p>\n","protected":false},"featured_media":6147,"comment_status":"closed","ping_status":"closed","template":"","meta":{"_acf_changed":false,"inline_featured_image":false},"product_brand":[],"product_cat":[],"product_tag":[],"class_list":{"0":"post-9283","1":"product","2":"type-product","3":"status-publish","4":"has-post-thumbnail","6":"vydavatel-tituly-ine-en","8":"first","9":"outofstock","10":"purchasable","11":"product-type-simple"},"acf":[],"_links":{"self":[{"href":"https:\/\/sfu.sk\/en\/wp-json\/wp\/v2\/product\/9283","targetHints":{"allow":["GET"]}}],"collection":[{"href":"https:\/\/sfu.sk\/en\/wp-json\/wp\/v2\/product"}],"about":[{"href":"https:\/\/sfu.sk\/en\/wp-json\/wp\/v2\/types\/product"}],"replies":[{"embeddable":true,"href":"https:\/\/sfu.sk\/en\/wp-json\/wp\/v2\/comments?post=9283"}],"wp:featuredmedia":[{"embeddable":true,"href":"https:\/\/sfu.sk\/en\/wp-json\/wp\/v2\/media\/6147"}],"wp:attachment":[{"href":"https:\/\/sfu.sk\/en\/wp-json\/wp\/v2\/media?parent=9283"}],"wp:term":[{"taxonomy":"product_brand","embeddable":true,"href":"https:\/\/sfu.sk\/en\/wp-json\/wp\/v2\/product_brand?post=9283"},{"taxonomy":"product_cat","embeddable":true,"href":"https:\/\/sfu.sk\/en\/wp-json\/wp\/v2\/product_cat?post=9283"},{"taxonomy":"product_tag","embeddable":true,"href":"https:\/\/sfu.sk\/en\/wp-json\/wp\/v2\/product_tag?post=9283"}],"curies":[{"name":"wp","href":"https:\/\/api.w.org\/{rel}","templated":true}]}}