{"id":9327,"date":"2017-10-02T13:32:18","date_gmt":"2017-10-02T11:32:18","guid":{"rendered":"https:\/\/sfu.sk\/eshop\/film-a-doba-2-2017\/"},"modified":"2023-08-30T09:44:00","modified_gmt":"2023-08-30T07:44:00","slug":"film-a-doba-2-2017","status":"publish","type":"product","link":"https:\/\/sfu.sk\/en\/eshop\/film-a-doba-2-2017\/","title":{"rendered":"Film a doba 2\/2017"},"content":{"rendered":"<p>\n\tFilm a doba, established in 1955, played in the 1960s under the leadership of one of the most respected Czech film critics and historians Anton\u00edn Nov\u00e1k (writing under the pseudonym Jan \u017dalman) an important part in preparation of the intellectual and political atmosphere of the Prague Spring and theoretical formation of the Czech and Slovak New Wave in film.<\/p>\n<p>\n\tIts readers included not only film professionals and experts but also the broader range of those interested in the art of film, and, being the only specialized film journal in Czechoslovakia, Film and doba was valued also internationally.<\/p>\n<p>\n\tFilm a doba managed to preserve its high standard while also extending its range to include television, documentaries and animated titles, as well as the expanding field of video art.<\/p>\n","protected":false},"excerpt":{"rendered":"<p>Film a doba, established in 1955, played in the 1960s under the leadership of one of the most respected Czech film critics and historians Anton\u00edn Nov\u00e1k (writing under the pseudonym Jan \u017dalman) an important part in preparation of the intellectual and political atmosphere of the Prague Spring and theoretical formation of the Czech and Slovak [&hellip;]<\/p>\n","protected":false},"featured_media":6279,"comment_status":"closed","ping_status":"open","template":"","meta":{"_acf_changed":false,"inline_featured_image":false},"product_brand":[],"product_cat":[72],"product_tag":[],"class_list":{"0":"post-9327","1":"product","2":"type-product","3":"status-publish","4":"has-post-thumbnail","6":"product_cat-nezaradene","7":"vydavatel-tituly-ine-en","9":"first","10":"instock","11":"purchasable","12":"product-type-simple"},"acf":[],"_links":{"self":[{"href":"https:\/\/sfu.sk\/en\/wp-json\/wp\/v2\/product\/9327","targetHints":{"allow":["GET"]}}],"collection":[{"href":"https:\/\/sfu.sk\/en\/wp-json\/wp\/v2\/product"}],"about":[{"href":"https:\/\/sfu.sk\/en\/wp-json\/wp\/v2\/types\/product"}],"replies":[{"embeddable":true,"href":"https:\/\/sfu.sk\/en\/wp-json\/wp\/v2\/comments?post=9327"}],"wp:featuredmedia":[{"embeddable":true,"href":"https:\/\/sfu.sk\/en\/wp-json\/wp\/v2\/media\/6279"}],"wp:attachment":[{"href":"https:\/\/sfu.sk\/en\/wp-json\/wp\/v2\/media?parent=9327"}],"wp:term":[{"taxonomy":"product_brand","embeddable":true,"href":"https:\/\/sfu.sk\/en\/wp-json\/wp\/v2\/product_brand?post=9327"},{"taxonomy":"product_cat","embeddable":true,"href":"https:\/\/sfu.sk\/en\/wp-json\/wp\/v2\/product_cat?post=9327"},{"taxonomy":"product_tag","embeddable":true,"href":"https:\/\/sfu.sk\/en\/wp-json\/wp\/v2\/product_tag?post=9327"}],"curies":[{"name":"wp","href":"https:\/\/api.w.org\/{rel}","templated":true}]}}