{"id":9404,"date":"2022-12-08T14:18:06","date_gmt":"2022-12-08T13:18:06","guid":{"rendered":"https:\/\/sfu.sk\/eshop\/film-sk-no-12-2022-priloha-podporene-a-nepodporene-projekty-v-audiovizualnom-fonde-v-roku-2021\/"},"modified":"2023-08-30T09:44:27","modified_gmt":"2023-08-30T07:44:27","slug":"film-sk-no-12-2022-priloha-podporene-a-nepodporene-projekty-v-audiovizualnom-fonde-v-roku-2021","status":"publish","type":"product","link":"https:\/\/sfu.sk\/en\/eshop\/film-sk-no-12-2022-priloha-podporene-a-nepodporene-projekty-v-audiovizualnom-fonde-v-roku-2021\/","title":{"rendered":"Film.sk NO. 12\/2022 + pr\u00edloha Podporen\u00e9 a nepodporen\u00e9 projekty v Audiovizu\u00e1lnom fonde v roku 2021"},"content":{"rendered":"","protected":false},"excerpt":{"rendered":"","protected":false},"featured_media":6510,"comment_status":"closed","ping_status":"closed","template":"","meta":{"_acf_changed":false,"inline_featured_image":false},"product_brand":[],"product_cat":[],"product_tag":[],"class_list":{"0":"post-9404","1":"product","2":"type-product","3":"status-publish","4":"has-post-thumbnail","6":"vydavatel-tituly-sfu-en","8":"first","9":"instock","10":"purchasable","11":"product-type-simple"},"acf":[],"_links":{"self":[{"href":"https:\/\/sfu.sk\/en\/wp-json\/wp\/v2\/product\/9404","targetHints":{"allow":["GET"]}}],"collection":[{"href":"https:\/\/sfu.sk\/en\/wp-json\/wp\/v2\/product"}],"about":[{"href":"https:\/\/sfu.sk\/en\/wp-json\/wp\/v2\/types\/product"}],"replies":[{"embeddable":true,"href":"https:\/\/sfu.sk\/en\/wp-json\/wp\/v2\/comments?post=9404"}],"wp:featuredmedia":[{"embeddable":true,"href":"https:\/\/sfu.sk\/en\/wp-json\/wp\/v2\/media\/6510"}],"wp:attachment":[{"href":"https:\/\/sfu.sk\/en\/wp-json\/wp\/v2\/media?parent=9404"}],"wp:term":[{"taxonomy":"product_brand","embeddable":true,"href":"https:\/\/sfu.sk\/en\/wp-json\/wp\/v2\/product_brand?post=9404"},{"taxonomy":"product_cat","embeddable":true,"href":"https:\/\/sfu.sk\/en\/wp-json\/wp\/v2\/product_cat?post=9404"},{"taxonomy":"product_tag","embeddable":true,"href":"https:\/\/sfu.sk\/en\/wp-json\/wp\/v2\/product_tag?post=9404"}],"curies":[{"name":"wp","href":"https:\/\/api.w.org\/{rel}","templated":true}]}}