{"id":9419,"date":"2023-04-03T13:51:44","date_gmt":"2023-04-03T11:51:44","guid":{"rendered":"https:\/\/sfu.sk\/eshop\/film-sk-no-4-2023-podporene-a-nepodporene-projekty-v-audiovizualnom-fonde-v-roku-2022\/"},"modified":"2023-08-30T09:44:30","modified_gmt":"2023-08-30T07:44:30","slug":"film-sk-no-4-2023-podporene-a-nepodporene-projekty-v-audiovizualnom-fonde-v-roku-2022","status":"publish","type":"product","link":"https:\/\/sfu.sk\/en\/eshop\/film-sk-no-4-2023-podporene-a-nepodporene-projekty-v-audiovizualnom-fonde-v-roku-2022\/","title":{"rendered":"Film.sk NO. 4\/2023 + Podporen\u00e9 a nepodporen\u00e9 projekty v Audiovizu\u00e1lnom fonde v roku 2022"},"content":{"rendered":"","protected":false},"excerpt":{"rendered":"","protected":false},"featured_media":6555,"comment_status":"closed","ping_status":"closed","template":"","meta":{"_acf_changed":false,"inline_featured_image":false},"product_brand":[],"product_cat":[],"product_tag":[],"class_list":{"0":"post-9419","1":"product","2":"type-product","3":"status-publish","4":"has-post-thumbnail","6":"vydavatel-tituly-sfu-en","8":"first","9":"instock","10":"purchasable","11":"product-type-simple"},"acf":[],"_links":{"self":[{"href":"https:\/\/sfu.sk\/en\/wp-json\/wp\/v2\/product\/9419","targetHints":{"allow":["GET"]}}],"collection":[{"href":"https:\/\/sfu.sk\/en\/wp-json\/wp\/v2\/product"}],"about":[{"href":"https:\/\/sfu.sk\/en\/wp-json\/wp\/v2\/types\/product"}],"replies":[{"embeddable":true,"href":"https:\/\/sfu.sk\/en\/wp-json\/wp\/v2\/comments?post=9419"}],"wp:featuredmedia":[{"embeddable":true,"href":"https:\/\/sfu.sk\/en\/wp-json\/wp\/v2\/media\/6555"}],"wp:attachment":[{"href":"https:\/\/sfu.sk\/en\/wp-json\/wp\/v2\/media?parent=9419"}],"wp:term":[{"taxonomy":"product_brand","embeddable":true,"href":"https:\/\/sfu.sk\/en\/wp-json\/wp\/v2\/product_brand?post=9419"},{"taxonomy":"product_cat","embeddable":true,"href":"https:\/\/sfu.sk\/en\/wp-json\/wp\/v2\/product_cat?post=9419"},{"taxonomy":"product_tag","embeddable":true,"href":"https:\/\/sfu.sk\/en\/wp-json\/wp\/v2\/product_tag?post=9419"}],"curies":[{"name":"wp","href":"https:\/\/api.w.org\/{rel}","templated":true}]}}