{"id":9510,"date":"2016-03-10T13:32:06","date_gmt":"2016-03-10T12:32:06","guid":{"rendered":"https:\/\/sfu.sk\/eshop\/iluminace-1-2015\/"},"modified":"2023-08-30T09:44:59","modified_gmt":"2023-08-30T07:44:59","slug":"iluminace-1-2015","status":"publish","type":"product","link":"https:\/\/sfu.sk\/en\/eshop\/iluminace-1-2015\/","title":{"rendered":"Iluminace 1\/2015"},"content":{"rendered":"<p>\n\tContent:<\/p>\n<p>\n\tLisa M. Rabin: The Normals, the Questionables, and the Delinquents. East Harlem Youth and the Movies, 1931\u20131934<br \/>\n\t\u0160\u00e1rka Gmiterkov\u00e1: Importing Modern Venus. Hollywood, Starlets, and the Czech Star System of the early-to-mid 1930s<br \/>\n\tJind\u0159i\u0161ka Bl\u00e1hov\u00e1 \u2014 Richard Nowell: \u201eIf not for their Artistic Merit then their Capacity to Connect with People\u201c. Czechoslovak Communists, Late Cold War Cultural Policy, and Youth-oriented American Films<br \/>\n\tValerie Wee: \u201eWho is the Biggest GLEEk?\u201c Traditional Media Targets the Digital Youth Generation<\/p>\n","protected":false},"excerpt":{"rendered":"<p>Content: Lisa M. Rabin: The Normals, the Questionables, and the Delinquents. East Harlem Youth and the Movies, 1931\u20131934 \u0160\u00e1rka Gmiterkov\u00e1: Importing Modern Venus. Hollywood, Starlets, and the Czech Star System of the early-to-mid 1930s Jind\u0159i\u0161ka Bl\u00e1hov\u00e1 \u2014 Richard Nowell: \u201eIf not for their Artistic Merit then their Capacity to Connect with People\u201c. Czechoslovak Communists, Late [&hellip;]<\/p>\n","protected":false},"featured_media":6828,"comment_status":"closed","ping_status":"open","template":"","meta":{"_acf_changed":false,"inline_featured_image":false},"product_brand":[],"product_cat":[72],"product_tag":[],"class_list":{"0":"post-9510","1":"product","2":"type-product","3":"status-publish","4":"has-post-thumbnail","6":"product_cat-nezaradene","7":"vydavatel-tituly-ine-en","9":"first","10":"instock","11":"purchasable","12":"product-type-simple"},"acf":[],"_links":{"self":[{"href":"https:\/\/sfu.sk\/en\/wp-json\/wp\/v2\/product\/9510","targetHints":{"allow":["GET"]}}],"collection":[{"href":"https:\/\/sfu.sk\/en\/wp-json\/wp\/v2\/product"}],"about":[{"href":"https:\/\/sfu.sk\/en\/wp-json\/wp\/v2\/types\/product"}],"replies":[{"embeddable":true,"href":"https:\/\/sfu.sk\/en\/wp-json\/wp\/v2\/comments?post=9510"}],"wp:featuredmedia":[{"embeddable":true,"href":"https:\/\/sfu.sk\/en\/wp-json\/wp\/v2\/media\/6828"}],"wp:attachment":[{"href":"https:\/\/sfu.sk\/en\/wp-json\/wp\/v2\/media?parent=9510"}],"wp:term":[{"taxonomy":"product_brand","embeddable":true,"href":"https:\/\/sfu.sk\/en\/wp-json\/wp\/v2\/product_brand?post=9510"},{"taxonomy":"product_cat","embeddable":true,"href":"https:\/\/sfu.sk\/en\/wp-json\/wp\/v2\/product_cat?post=9510"},{"taxonomy":"product_tag","embeddable":true,"href":"https:\/\/sfu.sk\/en\/wp-json\/wp\/v2\/product_tag?post=9510"}],"curies":[{"name":"wp","href":"https:\/\/api.w.org\/{rel}","templated":true}]}}