{"id":9552,"date":"2016-03-30T11:17:08","date_gmt":"2016-03-30T09:17:08","guid":{"rendered":"https:\/\/sfu.sk\/eshop\/j-aime-tu-aimes-i-love-you-love\/"},"modified":"2023-08-30T09:45:12","modified_gmt":"2023-08-30T07:45:12","slug":"j-aime-tu-aimes-i-love-you-love","status":"publish","type":"product","link":"https:\/\/sfu.sk\/en\/eshop\/j-aime-tu-aimes-i-love-you-love\/","title":{"rendered":"J\u00b4aime, Tu aimes (I love, You Love)"},"content":{"rendered":"<p>\n\tVersion slovaque originale sous-titr\u00e9e en fran\u00e7ais<br \/>\n\tPista, vieux gar\u00e7on largement port\u00e9 sur l&#8217;alcool, travaille dans les services postaux de la gare avec son bin\u00f4me et n\u00e9anmoins compagnon d&#8217;infortune, Vinco. D\u00e9sesp\u00e9r\u00e9 par sa condition de c\u00e9libataire endurci, il tente co\u00fbte que co\u00fbte d&#8217;attirer l&#8217;attention des femmes qui l&#8217;entourent&#8230; sans succ\u00e8s. Jusqu&#8217;au jour o\u00f9&#8230; la chance semble enfin lui sourire.<\/p>\n","protected":false},"excerpt":{"rendered":"<p>Version slovaque originale sous-titr\u00e9e en fran\u00e7ais Pista, vieux gar\u00e7on largement port\u00e9 sur l&#8217;alcool, travaille dans les services postaux de la gare avec son bin\u00f4me et n\u00e9anmoins compagnon d&#8217;infortune, Vinco. D\u00e9sesp\u00e9r\u00e9 par sa condition de c\u00e9libataire endurci, il tente co\u00fbte que co\u00fbte d&#8217;attirer l&#8217;attention des femmes qui l&#8217;entourent&#8230; sans succ\u00e8s. Jusqu&#8217;au jour o\u00f9&#8230; la chance semble [&hellip;]<\/p>\n","protected":false},"featured_media":6954,"comment_status":"closed","ping_status":"closed","template":"","meta":{"_acf_changed":false,"inline_featured_image":false},"product_brand":[],"product_cat":[],"product_tag":[],"class_list":{"0":"post-9552","1":"product","2":"type-product","3":"status-publish","4":"has-post-thumbnail","6":"vydavatel-tituly-ine-en","8":"first","9":"instock","10":"sale","11":"purchasable","12":"product-type-simple"},"acf":[],"_links":{"self":[{"href":"https:\/\/sfu.sk\/en\/wp-json\/wp\/v2\/product\/9552","targetHints":{"allow":["GET"]}}],"collection":[{"href":"https:\/\/sfu.sk\/en\/wp-json\/wp\/v2\/product"}],"about":[{"href":"https:\/\/sfu.sk\/en\/wp-json\/wp\/v2\/types\/product"}],"replies":[{"embeddable":true,"href":"https:\/\/sfu.sk\/en\/wp-json\/wp\/v2\/comments?post=9552"}],"wp:featuredmedia":[{"embeddable":true,"href":"https:\/\/sfu.sk\/en\/wp-json\/wp\/v2\/media\/6954"}],"wp:attachment":[{"href":"https:\/\/sfu.sk\/en\/wp-json\/wp\/v2\/media?parent=9552"}],"wp:term":[{"taxonomy":"product_brand","embeddable":true,"href":"https:\/\/sfu.sk\/en\/wp-json\/wp\/v2\/product_brand?post=9552"},{"taxonomy":"product_cat","embeddable":true,"href":"https:\/\/sfu.sk\/en\/wp-json\/wp\/v2\/product_cat?post=9552"},{"taxonomy":"product_tag","embeddable":true,"href":"https:\/\/sfu.sk\/en\/wp-json\/wp\/v2\/product_tag?post=9552"}],"curies":[{"name":"wp","href":"https:\/\/api.w.org\/{rel}","templated":true}]}}