{"id":9553,"date":"2015-11-02T16:55:58","date_gmt":"2015-11-02T15:55:58","guid":{"rendered":"https:\/\/sfu.sk\/eshop\/i-love-you-love\/"},"modified":"2023-08-30T09:45:12","modified_gmt":"2023-08-30T07:45:12","slug":"i-love-you-love","status":"publish","type":"product","link":"https:\/\/sfu.sk\/en\/eshop\/i-love-you-love\/","title":{"rendered":"I Love, You Love"},"content":{"rendered":"<p>\n\tA tragicomic film about people from the social periphery. Director Du\u0161an Han\u00e1k portrayed his characters with a sensitive understanding, without romanticizing. That was also why the film, similarly to Han\u00e1k\u00b4s previous works 322 and Pictures of the Old World, ended up on a shelf until 1988. Impressive performances are given by the Czech actress Iva Jan\u017eurov\u00e1, Polish actor Roman Klosowski and Serbian actor Milan Jeli\u010d. In 1989, the film won a Silver Bear for Best Directing from the IFF Berlin.&nbsp;<\/p>\n","protected":false},"excerpt":{"rendered":"<p>A tragicomic film about people from the social periphery. Director Du\u0161an Han\u00e1k portrayed his characters with a sensitive understanding, without romanticizing. That was also why the film, similarly to Han\u00e1k\u00b4s previous works 322 and Pictures of the Old World, ended up on a shelf until 1988. Impressive performances are given by the Czech actress Iva [&hellip;]<\/p>\n","protected":false},"featured_media":6957,"comment_status":"closed","ping_status":"closed","template":"","meta":{"_acf_changed":false,"inline_featured_image":false},"product_brand":[],"product_cat":[],"product_tag":[],"class_list":{"0":"post-9553","1":"product","2":"type-product","3":"status-publish","4":"has-post-thumbnail","6":"vydavatel-tituly-sfu-en","8":"first","9":"outofstock","10":"purchasable","11":"product-type-simple"},"acf":[],"_links":{"self":[{"href":"https:\/\/sfu.sk\/en\/wp-json\/wp\/v2\/product\/9553","targetHints":{"allow":["GET"]}}],"collection":[{"href":"https:\/\/sfu.sk\/en\/wp-json\/wp\/v2\/product"}],"about":[{"href":"https:\/\/sfu.sk\/en\/wp-json\/wp\/v2\/types\/product"}],"replies":[{"embeddable":true,"href":"https:\/\/sfu.sk\/en\/wp-json\/wp\/v2\/comments?post=9553"}],"wp:featuredmedia":[{"embeddable":true,"href":"https:\/\/sfu.sk\/en\/wp-json\/wp\/v2\/media\/6957"}],"wp:attachment":[{"href":"https:\/\/sfu.sk\/en\/wp-json\/wp\/v2\/media?parent=9553"}],"wp:term":[{"taxonomy":"product_brand","embeddable":true,"href":"https:\/\/sfu.sk\/en\/wp-json\/wp\/v2\/product_brand?post=9553"},{"taxonomy":"product_cat","embeddable":true,"href":"https:\/\/sfu.sk\/en\/wp-json\/wp\/v2\/product_cat?post=9553"},{"taxonomy":"product_tag","embeddable":true,"href":"https:\/\/sfu.sk\/en\/wp-json\/wp\/v2\/product_tag?post=9553"}],"curies":[{"name":"wp","href":"https:\/\/api.w.org\/{rel}","templated":true}]}}