{"id":9561,"date":"2016-05-10T13:10:34","date_gmt":"2016-05-10T11:10:34","guid":{"rendered":"https:\/\/sfu.sk\/eshop\/janosik-ako-sa-jurko-stal-zbojnickym-kapitanom\/"},"modified":"2023-08-30T09:45:14","modified_gmt":"2023-08-30T07:45:14","slug":"janosik-ako-sa-jurko-stal-zbojnickym-kapitanom","status":"publish","type":"product","link":"https:\/\/sfu.sk\/en\/eshop\/janosik-ako-sa-jurko-stal-zbojnickym-kapitanom\/","title":{"rendered":"J\u00e1no\u0161\u00edk &#8211; ako sa Jurko stal zbojn\u00edckym kapit\u00e1nom"},"content":{"rendered":"","protected":false},"excerpt":{"rendered":"","protected":false},"featured_media":6981,"comment_status":"closed","ping_status":"open","template":"","meta":{"_acf_changed":false,"inline_featured_image":false},"product_brand":[],"product_cat":[72],"product_tag":[],"class_list":{"0":"post-9561","1":"product","2":"type-product","3":"status-publish","4":"has-post-thumbnail","6":"product_cat-nezaradene","7":"vydavatel-tituly-ine-en","9":"first","10":"instock","11":"purchasable","12":"product-type-simple"},"acf":[],"_links":{"self":[{"href":"https:\/\/sfu.sk\/en\/wp-json\/wp\/v2\/product\/9561","targetHints":{"allow":["GET"]}}],"collection":[{"href":"https:\/\/sfu.sk\/en\/wp-json\/wp\/v2\/product"}],"about":[{"href":"https:\/\/sfu.sk\/en\/wp-json\/wp\/v2\/types\/product"}],"replies":[{"embeddable":true,"href":"https:\/\/sfu.sk\/en\/wp-json\/wp\/v2\/comments?post=9561"}],"wp:featuredmedia":[{"embeddable":true,"href":"https:\/\/sfu.sk\/en\/wp-json\/wp\/v2\/media\/6981"}],"wp:attachment":[{"href":"https:\/\/sfu.sk\/en\/wp-json\/wp\/v2\/media?parent=9561"}],"wp:term":[{"taxonomy":"product_brand","embeddable":true,"href":"https:\/\/sfu.sk\/en\/wp-json\/wp\/v2\/product_brand?post=9561"},{"taxonomy":"product_cat","embeddable":true,"href":"https:\/\/sfu.sk\/en\/wp-json\/wp\/v2\/product_cat?post=9561"},{"taxonomy":"product_tag","embeddable":true,"href":"https:\/\/sfu.sk\/en\/wp-json\/wp\/v2\/product_tag?post=9561"}],"curies":[{"name":"wp","href":"https:\/\/api.w.org\/{rel}","templated":true}]}}