{"id":9565,"date":"2015-10-09T14:17:44","date_gmt":"2015-10-09T12:17:44","guid":{"rendered":"https:\/\/sfu.sk\/eshop\/janosik-i-ii\/"},"modified":"2023-08-30T09:45:15","modified_gmt":"2023-08-30T07:45:15","slug":"janosik-i-ii","status":"publish","type":"product","link":"https:\/\/sfu.sk\/en\/eshop\/janosik-i-ii\/","title":{"rendered":"J\u00e1no\u0161\u00edk I-II"},"content":{"rendered":"<p>\n\tThis film is one of the most popular pictures of Slovak cinema and relates the story about the legendary folk hero and brigand Juro J\u00e1no\u0161\u00edk (1688-1713) and the social situation in Slovakia of the late 17th and early 18th centuries. The first part talks about J\u00e1no\u0161\u00edk\u00b4s childhood, studies and return to his native village. In the second part J\u00e1no\u0161\u00edk leaves for the hills, where he organizes his band of brigands and starts an anti-feudal resistance. The film concludes with J\u00e1no\u0161\u00edk\u00b4s execution.&nbsp;<\/p>\n","protected":false},"excerpt":{"rendered":"<p>This film is one of the most popular pictures of Slovak cinema and relates the story about the legendary folk hero and brigand Juro J\u00e1no\u0161\u00edk (1688-1713) and the social situation in Slovakia of the late 17th and early 18th centuries. The first part talks about J\u00e1no\u0161\u00edk\u00b4s childhood, studies and return to his native village. In [&hellip;]<\/p>\n","protected":false},"featured_media":6993,"comment_status":"closed","ping_status":"closed","template":"","meta":{"_acf_changed":false,"inline_featured_image":false},"product_brand":[],"product_cat":[],"product_tag":[],"class_list":{"0":"post-9565","1":"product","2":"type-product","3":"status-publish","4":"has-post-thumbnail","6":"vydavatel-tituly-sfu-en","8":"first","9":"outofstock","10":"purchasable","11":"product-type-simple"},"acf":[],"_links":{"self":[{"href":"https:\/\/sfu.sk\/en\/wp-json\/wp\/v2\/product\/9565","targetHints":{"allow":["GET"]}}],"collection":[{"href":"https:\/\/sfu.sk\/en\/wp-json\/wp\/v2\/product"}],"about":[{"href":"https:\/\/sfu.sk\/en\/wp-json\/wp\/v2\/types\/product"}],"replies":[{"embeddable":true,"href":"https:\/\/sfu.sk\/en\/wp-json\/wp\/v2\/comments?post=9565"}],"wp:featuredmedia":[{"embeddable":true,"href":"https:\/\/sfu.sk\/en\/wp-json\/wp\/v2\/media\/6993"}],"wp:attachment":[{"href":"https:\/\/sfu.sk\/en\/wp-json\/wp\/v2\/media?parent=9565"}],"wp:term":[{"taxonomy":"product_brand","embeddable":true,"href":"https:\/\/sfu.sk\/en\/wp-json\/wp\/v2\/product_brand?post=9565"},{"taxonomy":"product_cat","embeddable":true,"href":"https:\/\/sfu.sk\/en\/wp-json\/wp\/v2\/product_cat?post=9565"},{"taxonomy":"product_tag","embeddable":true,"href":"https:\/\/sfu.sk\/en\/wp-json\/wp\/v2\/product_tag?post=9565"}],"curies":[{"name":"wp","href":"https:\/\/api.w.org\/{rel}","templated":true}]}}