{"id":9570,"date":"2023-04-19T12:39:40","date_gmt":"2023-04-19T10:39:40","guid":{"rendered":"https:\/\/sfu.sk\/eshop\/jelena-pastekova-medzi-literaturou-a-filmom\/"},"modified":"2026-01-05T02:06:42","modified_gmt":"2026-01-05T01:06:42","slug":"jelena-pastekova-medzi-literaturou-a-filmom","status":"publish","type":"product","link":"https:\/\/sfu.sk\/en\/eshop\/jelena-pastekova-medzi-literaturou-a-filmom\/","title":{"rendered":"Jelena Pa\u0161t\u00e9kov\u00e1 &#8211; Medzi literat\u00farou a filmom"},"content":{"rendered":"","protected":false},"excerpt":{"rendered":"","protected":false},"featured_media":7008,"comment_status":"closed","ping_status":"closed","template":"","meta":{"_acf_changed":false,"inline_featured_image":false},"product_brand":[],"product_cat":[],"product_tag":[],"class_list":{"0":"post-9570","1":"product","2":"type-product","3":"status-publish","4":"has-post-thumbnail","6":"vydavatel-tituly-sfu-en","8":"first","9":"instock","10":"purchasable","11":"product-type-simple"},"acf":[],"_links":{"self":[{"href":"https:\/\/sfu.sk\/en\/wp-json\/wp\/v2\/product\/9570","targetHints":{"allow":["GET"]}}],"collection":[{"href":"https:\/\/sfu.sk\/en\/wp-json\/wp\/v2\/product"}],"about":[{"href":"https:\/\/sfu.sk\/en\/wp-json\/wp\/v2\/types\/product"}],"replies":[{"embeddable":true,"href":"https:\/\/sfu.sk\/en\/wp-json\/wp\/v2\/comments?post=9570"}],"wp:featuredmedia":[{"embeddable":true,"href":"https:\/\/sfu.sk\/en\/wp-json\/wp\/v2\/media\/7008"}],"wp:attachment":[{"href":"https:\/\/sfu.sk\/en\/wp-json\/wp\/v2\/media?parent=9570"}],"wp:term":[{"taxonomy":"product_brand","embeddable":true,"href":"https:\/\/sfu.sk\/en\/wp-json\/wp\/v2\/product_brand?post=9570"},{"taxonomy":"product_cat","embeddable":true,"href":"https:\/\/sfu.sk\/en\/wp-json\/wp\/v2\/product_cat?post=9570"},{"taxonomy":"product_tag","embeddable":true,"href":"https:\/\/sfu.sk\/en\/wp-json\/wp\/v2\/product_tag?post=9570"}],"curies":[{"name":"wp","href":"https:\/\/api.w.org\/{rel}","templated":true}]}}