{"id":9622,"date":"2022-02-23T09:02:56","date_gmt":"2022-02-23T08:02:56","guid":{"rendered":"https:\/\/sfu.sk\/eshop\/kinematicky-obrat-film-v-digitalnej-ere-a-jeho-desat-problemov\/"},"modified":"2026-01-05T02:06:34","modified_gmt":"2026-01-05T01:06:34","slug":"kinematicky-obrat-film-v-digitalnej-ere-a-jeho-desat-problemov","status":"publish","type":"product","link":"https:\/\/sfu.sk\/en\/eshop\/kinematicky-obrat-film-v-digitalnej-ere-a-jeho-desat-problemov\/","title":{"rendered":"Kinematick\u00fd obrat &#8211; Film v digit\u00e1lnej \u00e9re a jeho desa\u0165 probl\u00e9mov"},"content":{"rendered":"","protected":false},"excerpt":{"rendered":"","protected":false},"featured_media":7159,"comment_status":"closed","ping_status":"closed","template":"","meta":{"_acf_changed":false,"inline_featured_image":false},"product_brand":[],"product_cat":[],"product_tag":[],"class_list":{"0":"post-9622","1":"product","2":"type-product","3":"status-publish","4":"has-post-thumbnail","6":"vydavatel-tituly-sfu-en","8":"first","9":"instock","10":"purchasable","11":"product-type-simple"},"acf":[],"_links":{"self":[{"href":"https:\/\/sfu.sk\/en\/wp-json\/wp\/v2\/product\/9622","targetHints":{"allow":["GET"]}}],"collection":[{"href":"https:\/\/sfu.sk\/en\/wp-json\/wp\/v2\/product"}],"about":[{"href":"https:\/\/sfu.sk\/en\/wp-json\/wp\/v2\/types\/product"}],"replies":[{"embeddable":true,"href":"https:\/\/sfu.sk\/en\/wp-json\/wp\/v2\/comments?post=9622"}],"wp:featuredmedia":[{"embeddable":true,"href":"https:\/\/sfu.sk\/en\/wp-json\/wp\/v2\/media\/7159"}],"wp:attachment":[{"href":"https:\/\/sfu.sk\/en\/wp-json\/wp\/v2\/media?parent=9622"}],"wp:term":[{"taxonomy":"product_brand","embeddable":true,"href":"https:\/\/sfu.sk\/en\/wp-json\/wp\/v2\/product_brand?post=9622"},{"taxonomy":"product_cat","embeddable":true,"href":"https:\/\/sfu.sk\/en\/wp-json\/wp\/v2\/product_cat?post=9622"},{"taxonomy":"product_tag","embeddable":true,"href":"https:\/\/sfu.sk\/en\/wp-json\/wp\/v2\/product_tag?post=9622"}],"curies":[{"name":"wp","href":"https:\/\/api.w.org\/{rel}","templated":true}]}}