{"id":9671,"date":"2016-02-17T09:56:38","date_gmt":"2016-02-17T08:56:38","guid":{"rendered":"https:\/\/sfu.sk\/eshop\/confrontation\/"},"modified":"2023-08-30T09:45:48","modified_gmt":"2023-08-30T07:45:48","slug":"confrontation","status":"publish","type":"product","link":"https:\/\/sfu.sk\/en\/eshop\/confrontation\/","title":{"rendered":"Confrontation"},"content":{"rendered":"<p>\n\tObs\u00e1hl\u00fd katalog k v\u00fdstav\u011b \u010deskoslovensk\u00fdch a polsk\u00fdch plak\u00e1t\u016f v polsk\u00e9 Lod\u017ei od 9.12.2010 do 31.12. 2011. V\u00fdstava se v\u011bnuje porovn\u00e1n\u00ed dvou plak\u00e1tov\u00fdch \u0161kol: polsk\u00e9 a \u010deskoslovensk\u00e9. Katalog obsahuje 150 celostr\u00e1nkov\u00fdch reprodukc\u00ed v\u017edy polsk\u00fd a \u010deskoslovensk\u00fd plak\u00e1t ke stejn\u00e9mu filmu vedle sebe. P\u0159edstav\u00ed n\u00e1vrhy filmov\u00fdch plak\u00e1t\u016f p\u0159edn\u00edch v\u00fdtvarn\u00fdch um\u011blc\u016f Polska i \u010ceskoslovenka ( Jan Lenica, Waldemar Swierzy, Roman Cieslewicz, Milan Grygar, Zden\u011bk Ziegler, Karel Teissig, Josef Vyle\u0165al, Adolf Born a dal\u0161\u00ed).Katalog d\u00e1le p\u0159edstavuje sb\u00edrku filmov\u00fdch plak\u00e1t\u016f TERRYHO PONO\u017dKY jej\u00ed v\u00fdstavn\u00ed aktivity a dal\u0161\u00ed. Origin\u00e1ln\u00ed n\u00e1pad konfrontovat \u010deskou a polskou plak\u00e1tovou \u0161kolu na p\u0159\u00edkladech d\u011bl ke konkr\u00e9tn\u00edm filmov\u00fdm titul\u016fm vych\u00e1z\u00ed kni\u017en\u011b v \u010desko-polsko-anglick\u00e9 jazykov\u00e9 mutaci a je z\u00e1rove\u0148 i katalogem v\u00fdstavy, kterou budou Terryho pono\u017eky po\u0159\u00e1dat od prosince (do 31. 1. 2011) v polsk\u00e9 Lod\u017ei. Na 250 stran\u00e1ch knihy\/katalogu se p\u0159edstavuje 150 reprodukc\u00ed dopln\u011bn\u00fdch popiskami a dal\u0161\u00edmi \u00fadaji. \u010cten\u00e1\u0159i tak maj\u00ed mo\u017enost si porovnat, jak\u00fd p\u0159\u00edstup m\u011bli \u010de\u0161t\u00ed (nap\u0159. K. Teissig. M. Hlav\u00e1\u010dek, M. Reindl., J. Vyle\u0165al, Z. Kaplan aj.) a pol\u0161t\u00ed (A. Krajewski, A. Klimowski, R. Cieslewicz, E. Lipinski \u010di J. Mroszczak) v\u00fdtvarn\u00edci nap\u0159\u00edklad k film\u016fm BOCCACCIO 70, \u010c\u00cdNSK\u00c1 \u010cTVR\u0164, POPELY, DON GABRIEL nebo KRAJINA PO BITV\u011a.<\/p>\n","protected":false},"excerpt":{"rendered":"<p>Obs\u00e1hl\u00fd katalog k v\u00fdstav\u011b \u010deskoslovensk\u00fdch a polsk\u00fdch plak\u00e1t\u016f v polsk\u00e9 Lod\u017ei od 9.12.2010 do 31.12. 2011. V\u00fdstava se v\u011bnuje porovn\u00e1n\u00ed dvou plak\u00e1tov\u00fdch \u0161kol: polsk\u00e9 a \u010deskoslovensk\u00e9. Katalog obsahuje 150 celostr\u00e1nkov\u00fdch reprodukc\u00ed v\u017edy polsk\u00fd a \u010deskoslovensk\u00fd plak\u00e1t ke stejn\u00e9mu filmu vedle sebe. P\u0159edstav\u00ed n\u00e1vrhy filmov\u00fdch plak\u00e1t\u016f p\u0159edn\u00edch v\u00fdtvarn\u00fdch um\u011blc\u016f Polska i \u010ceskoslovenka ( Jan Lenica, Waldemar [&hellip;]<\/p>\n","protected":false},"featured_media":7306,"comment_status":"closed","ping_status":"open","template":"","meta":{"_acf_changed":false,"inline_featured_image":false},"product_brand":[],"product_cat":[72],"product_tag":[],"class_list":{"0":"post-9671","1":"product","2":"type-product","3":"status-publish","4":"has-post-thumbnail","6":"product_cat-nezaradene","7":"vydavatel-tituly-ine-en","9":"first","10":"outofstock","11":"purchasable","12":"product-type-simple"},"acf":[],"_links":{"self":[{"href":"https:\/\/sfu.sk\/en\/wp-json\/wp\/v2\/product\/9671","targetHints":{"allow":["GET"]}}],"collection":[{"href":"https:\/\/sfu.sk\/en\/wp-json\/wp\/v2\/product"}],"about":[{"href":"https:\/\/sfu.sk\/en\/wp-json\/wp\/v2\/types\/product"}],"replies":[{"embeddable":true,"href":"https:\/\/sfu.sk\/en\/wp-json\/wp\/v2\/comments?post=9671"}],"wp:featuredmedia":[{"embeddable":true,"href":"https:\/\/sfu.sk\/en\/wp-json\/wp\/v2\/media\/7306"}],"wp:attachment":[{"href":"https:\/\/sfu.sk\/en\/wp-json\/wp\/v2\/media?parent=9671"}],"wp:term":[{"taxonomy":"product_brand","embeddable":true,"href":"https:\/\/sfu.sk\/en\/wp-json\/wp\/v2\/product_brand?post=9671"},{"taxonomy":"product_cat","embeddable":true,"href":"https:\/\/sfu.sk\/en\/wp-json\/wp\/v2\/product_cat?post=9671"},{"taxonomy":"product_tag","embeddable":true,"href":"https:\/\/sfu.sk\/en\/wp-json\/wp\/v2\/product_tag?post=9671"}],"curies":[{"name":"wp","href":"https:\/\/api.w.org\/{rel}","templated":true}]}}