{"id":9696,"date":"2016-03-30T11:48:00","date_gmt":"2016-03-30T09:48:00","guid":{"rendered":"https:\/\/sfu.sk\/eshop\/l-orgue\/"},"modified":"2023-08-30T09:45:54","modified_gmt":"2023-08-30T07:45:54","slug":"l-orgue","status":"publish","type":"product","link":"https:\/\/sfu.sk\/en\/eshop\/l-orgue\/","title":{"rendered":"L\u00b4orgue"},"content":{"rendered":"<p>\n\tDurant la seconde guerre mondiale, un jeune d\u00e9serteur polonais trouve refuge dans un monast\u00e8re franciscain, prot\u00e9g\u00e9 par le v\u0153u de silence. Ses dons d\u2019organiste fascinent la ville enti\u00e8re, mais les rapports se tendent entre les autorit\u00e9s locales fascistes et l\u2019abb\u00e9, qui entend r\u00e9pandre cette beaut\u00e9 divine sur toute la population. L\u2019Orgue occupe une place importante dans le traitement de la seconde guerre mondiale par le cin\u00e9ma slovaque. Uher y abandonne la repr\u00e9sentation h\u00e9ro\u00efque d\u2019un peuple insurg\u00e9 pour en montrer l\u2019envers : une communaut\u00e9 en proie aux doutes spirituels et aux tentations mat\u00e9rielles. L\u2019aisance de Uher avec le cadrage et l\u2019utilisation des espaces et de l\u2019architecture trouve dans les lieux du film (\u00e9glise, monast\u00e8re) une expression id\u00e9ale. L\u2019\u0153uvre fascine par son jeu de non-dits et l\u2019ambig\u00fcit\u00e9 des personnages.<\/p>\n","protected":false},"excerpt":{"rendered":"<p>Durant la seconde guerre mondiale, un jeune d\u00e9serteur polonais trouve refuge dans un monast\u00e8re franciscain, prot\u00e9g\u00e9 par le v\u0153u de silence. Ses dons d\u2019organiste fascinent la ville enti\u00e8re, mais les rapports se tendent entre les autorit\u00e9s locales fascistes et l\u2019abb\u00e9, qui entend r\u00e9pandre cette beaut\u00e9 divine sur toute la population. L\u2019Orgue occupe une place importante [&hellip;]<\/p>\n","protected":false},"featured_media":7381,"comment_status":"closed","ping_status":"closed","template":"","meta":{"_acf_changed":false,"inline_featured_image":false},"product_brand":[],"product_cat":[],"product_tag":[],"class_list":{"0":"post-9696","1":"product","2":"type-product","3":"status-publish","4":"has-post-thumbnail","6":"vydavatel-tituly-ine-en","8":"first","9":"instock","10":"sale","11":"purchasable","12":"product-type-simple"},"acf":[],"_links":{"self":[{"href":"https:\/\/sfu.sk\/en\/wp-json\/wp\/v2\/product\/9696","targetHints":{"allow":["GET"]}}],"collection":[{"href":"https:\/\/sfu.sk\/en\/wp-json\/wp\/v2\/product"}],"about":[{"href":"https:\/\/sfu.sk\/en\/wp-json\/wp\/v2\/types\/product"}],"replies":[{"embeddable":true,"href":"https:\/\/sfu.sk\/en\/wp-json\/wp\/v2\/comments?post=9696"}],"wp:featuredmedia":[{"embeddable":true,"href":"https:\/\/sfu.sk\/en\/wp-json\/wp\/v2\/media\/7381"}],"wp:attachment":[{"href":"https:\/\/sfu.sk\/en\/wp-json\/wp\/v2\/media?parent=9696"}],"wp:term":[{"taxonomy":"product_brand","embeddable":true,"href":"https:\/\/sfu.sk\/en\/wp-json\/wp\/v2\/product_brand?post=9696"},{"taxonomy":"product_cat","embeddable":true,"href":"https:\/\/sfu.sk\/en\/wp-json\/wp\/v2\/product_cat?post=9696"},{"taxonomy":"product_tag","embeddable":true,"href":"https:\/\/sfu.sk\/en\/wp-json\/wp\/v2\/product_tag?post=9696"}],"curies":[{"name":"wp","href":"https:\/\/api.w.org\/{rel}","templated":true}]}}