{"id":9703,"date":"2016-03-30T11:03:04","date_gmt":"2016-03-30T09:03:04","guid":{"rendered":"https:\/\/sfu.sk\/eshop\/le-boxeur-et-la-mort-the-boxer-and-death\/"},"modified":"2023-08-30T09:45:59","modified_gmt":"2023-08-30T07:45:59","slug":"le-boxeur-et-la-mort-the-boxer-and-death","status":"publish","type":"product","link":"https:\/\/sfu.sk\/en\/eshop\/le-boxeur-et-la-mort-the-boxer-and-death\/","title":{"rendered":"Le Boxeur et la Mort (The Boxer and Death)"},"content":{"rendered":"<p>\n\tLe commandant du camp de concentration Kraft s&#8217;aper\u00e7oit par hasard que le d\u00e9tenu Kominek est un ancien boxeur professionnel. Du jour au lendemain, il devient alors le sparring-partner de Kraft et obtient, malgr\u00e9 lui, une position privil\u00e9gi\u00e9e au sein du camp. Mais son attitude change apr\u00e8s la mort de son ami Venzlak&#8230;<br \/>\n\tLa sortie du BOXEUR ET LA MORT fut retard\u00e9e pour des raisons id\u00e9ologiques pendant des ann\u00e9es. L&#8217;innovation qu&#8217;il aurait repr\u00e9sent\u00e9 en 1956 fut donc moins surprenante en 1962, m\u00eame si le film demeure une des oeuvres les plus fortes jamais r\u00e9alis\u00e9es sur les camps de concentration. Le film obtint une reconnaissance internationale avec plusieurs prix au Festival de San Fransisco. Figure de proue du nouveau cin\u00e9ma slovaque, Solan impose ensuite une oeuvre satyrique tr\u00e8s personnelle mais stopp\u00e9e apr\u00e8s 1970 et la normalisation.<\/p>\n","protected":false},"excerpt":{"rendered":"<p>Le commandant du camp de concentration Kraft s&#8217;aper\u00e7oit par hasard que le d\u00e9tenu Kominek est un ancien boxeur professionnel. Du jour au lendemain, il devient alors le sparring-partner de Kraft et obtient, malgr\u00e9 lui, une position privil\u00e9gi\u00e9e au sein du camp. Mais son attitude change apr\u00e8s la mort de son ami Venzlak&#8230; La sortie du [&hellip;]<\/p>\n","protected":false},"featured_media":7402,"comment_status":"closed","ping_status":"closed","template":"","meta":{"_acf_changed":false,"inline_featured_image":false},"product_brand":[],"product_cat":[],"product_tag":[],"class_list":{"0":"post-9703","1":"product","2":"type-product","3":"status-publish","4":"has-post-thumbnail","6":"vydavatel-tituly-ine-en","8":"first","9":"instock","10":"sale","11":"purchasable","12":"product-type-simple"},"acf":[],"_links":{"self":[{"href":"https:\/\/sfu.sk\/en\/wp-json\/wp\/v2\/product\/9703","targetHints":{"allow":["GET"]}}],"collection":[{"href":"https:\/\/sfu.sk\/en\/wp-json\/wp\/v2\/product"}],"about":[{"href":"https:\/\/sfu.sk\/en\/wp-json\/wp\/v2\/types\/product"}],"replies":[{"embeddable":true,"href":"https:\/\/sfu.sk\/en\/wp-json\/wp\/v2\/comments?post=9703"}],"wp:featuredmedia":[{"embeddable":true,"href":"https:\/\/sfu.sk\/en\/wp-json\/wp\/v2\/media\/7402"}],"wp:attachment":[{"href":"https:\/\/sfu.sk\/en\/wp-json\/wp\/v2\/media?parent=9703"}],"wp:term":[{"taxonomy":"product_brand","embeddable":true,"href":"https:\/\/sfu.sk\/en\/wp-json\/wp\/v2\/product_brand?post=9703"},{"taxonomy":"product_cat","embeddable":true,"href":"https:\/\/sfu.sk\/en\/wp-json\/wp\/v2\/product_cat?post=9703"},{"taxonomy":"product_tag","embeddable":true,"href":"https:\/\/sfu.sk\/en\/wp-json\/wp\/v2\/product_tag?post=9703"}],"curies":[{"name":"wp","href":"https:\/\/api.w.org\/{rel}","templated":true}]}}