{"id":9704,"date":"2016-03-30T11:27:44","date_gmt":"2016-03-30T09:27:44","guid":{"rendered":"https:\/\/sfu.sk\/eshop\/les-annees-du-christ-the-prime-of-life\/"},"modified":"2023-08-30T09:45:59","modified_gmt":"2023-08-30T07:45:59","slug":"les-annees-du-christ-the-prime-of-life","status":"publish","type":"product","link":"https:\/\/sfu.sk\/en\/eshop\/les-annees-du-christ-the-prime-of-life\/","title":{"rendered":"Les Ann\u00e9es du Christ (The Prime of Life)"},"content":{"rendered":"<p>\n\tAndrej et Juraj sont fr\u00e8res. Andrej, qui est pilote de guerre, est d&#8217;un naturel combatif et d\u00e9cid\u00e9. Juraj est un artiste sans cesse agit\u00e9 par le doute sur lui-m\u00eame et sur sa vie. Andrej rend visite \u00e0 Juraj et fait la connaissance de Jana, son amie. En plaisantant, il propose \u00e0 son fr\u00e8re de lui prendre Jana.<br \/>\n\tLes ann\u00e9es du Christ est le 1er film de Jakubisko, choc esth\u00e9tique et sc\u00e9naristique, r\u00e9v\u00e9lation internationale d&#8217;un grand cin\u00e9aste, Grand Prix \u00e0 Mannheim&#8230;<\/p>\n","protected":false},"excerpt":{"rendered":"<p>Andrej et Juraj sont fr\u00e8res. Andrej, qui est pilote de guerre, est d&#8217;un naturel combatif et d\u00e9cid\u00e9. Juraj est un artiste sans cesse agit\u00e9 par le doute sur lui-m\u00eame et sur sa vie. Andrej rend visite \u00e0 Juraj et fait la connaissance de Jana, son amie. En plaisantant, il propose \u00e0 son fr\u00e8re de lui [&hellip;]<\/p>\n","protected":false},"featured_media":7405,"comment_status":"closed","ping_status":"closed","template":"","meta":{"_acf_changed":false,"inline_featured_image":false},"product_brand":[],"product_cat":[],"product_tag":[],"class_list":{"0":"post-9704","1":"product","2":"type-product","3":"status-publish","4":"has-post-thumbnail","6":"vydavatel-tituly-ine-en","8":"first","9":"outofstock","10":"sale","11":"purchasable","12":"product-type-simple"},"acf":[],"_links":{"self":[{"href":"https:\/\/sfu.sk\/en\/wp-json\/wp\/v2\/product\/9704","targetHints":{"allow":["GET"]}}],"collection":[{"href":"https:\/\/sfu.sk\/en\/wp-json\/wp\/v2\/product"}],"about":[{"href":"https:\/\/sfu.sk\/en\/wp-json\/wp\/v2\/types\/product"}],"replies":[{"embeddable":true,"href":"https:\/\/sfu.sk\/en\/wp-json\/wp\/v2\/comments?post=9704"}],"wp:featuredmedia":[{"embeddable":true,"href":"https:\/\/sfu.sk\/en\/wp-json\/wp\/v2\/media\/7405"}],"wp:attachment":[{"href":"https:\/\/sfu.sk\/en\/wp-json\/wp\/v2\/media?parent=9704"}],"wp:term":[{"taxonomy":"product_brand","embeddable":true,"href":"https:\/\/sfu.sk\/en\/wp-json\/wp\/v2\/product_brand?post=9704"},{"taxonomy":"product_cat","embeddable":true,"href":"https:\/\/sfu.sk\/en\/wp-json\/wp\/v2\/product_cat?post=9704"},{"taxonomy":"product_tag","embeddable":true,"href":"https:\/\/sfu.sk\/en\/wp-json\/wp\/v2\/product_tag?post=9704"}],"curies":[{"name":"wp","href":"https:\/\/api.w.org\/{rel}","templated":true}]}}