{"id":9705,"date":"2016-03-30T09:56:46","date_gmt":"2016-03-30T07:56:46","guid":{"rendered":"https:\/\/sfu.sk\/eshop\/birds-orphans-and-fools-2\/"},"modified":"2023-08-30T09:45:59","modified_gmt":"2023-08-30T07:45:59","slug":"birds-orphans-and-fools-2","status":"publish","type":"product","link":"https:\/\/sfu.sk\/en\/eshop\/birds-orphans-and-fools-2\/","title":{"rendered":"Birds, Orphans and Fools"},"content":{"rendered":"<p>\n\tLES OISEAUX, LES ORPHELINS ET LES FOUS est le 3\u00e8me film de Jakubisko, nouveau chef-d&#8217;\u0153uvre, confirmation internationale d&#8217;un grand cin\u00e9aste. Figure de proue du cin\u00e9ma slovaque, avec Hanak et Havetta, surnomm\u00e9 le Fellini de l&#8217;Est, Jakubisko cr\u00e9\u00e9 le film, au titre inspir\u00e9 par la Bible, sous le choc de l&#8217;occupation sovi\u00e9tique de 1968. Film censur\u00e9, et red\u00e9couvert en 1991, il appara\u00eet d&#8217;une totale modernit\u00e9. Malgr\u00e9 la censure, Jakubisko n&#8217;a jamais cess\u00e9 de tourner jusqu&#8217;\u00e0 aujourd&#8217;hui.<\/p>\n","protected":false},"excerpt":{"rendered":"<p>LES OISEAUX, LES ORPHELINS ET LES FOUS est le 3\u00e8me film de Jakubisko, nouveau chef-d&#8217;\u0153uvre, confirmation internationale d&#8217;un grand cin\u00e9aste. Figure de proue du cin\u00e9ma slovaque, avec Hanak et Havetta, surnomm\u00e9 le Fellini de l&#8217;Est, Jakubisko cr\u00e9\u00e9 le film, au titre inspir\u00e9 par la Bible, sous le choc de l&#8217;occupation sovi\u00e9tique de 1968. Film censur\u00e9, [&hellip;]<\/p>\n","protected":false},"featured_media":7408,"comment_status":"closed","ping_status":"closed","template":"","meta":{"_acf_changed":false,"inline_featured_image":false},"product_brand":[],"product_cat":[],"product_tag":[],"class_list":{"0":"post-9705","1":"product","2":"type-product","3":"status-publish","4":"has-post-thumbnail","6":"vydavatel-tituly-ine-en","8":"first","9":"instock","10":"sale","11":"purchasable","12":"product-type-simple"},"acf":[],"_links":{"self":[{"href":"https:\/\/sfu.sk\/en\/wp-json\/wp\/v2\/product\/9705","targetHints":{"allow":["GET"]}}],"collection":[{"href":"https:\/\/sfu.sk\/en\/wp-json\/wp\/v2\/product"}],"about":[{"href":"https:\/\/sfu.sk\/en\/wp-json\/wp\/v2\/types\/product"}],"replies":[{"embeddable":true,"href":"https:\/\/sfu.sk\/en\/wp-json\/wp\/v2\/comments?post=9705"}],"wp:featuredmedia":[{"embeddable":true,"href":"https:\/\/sfu.sk\/en\/wp-json\/wp\/v2\/media\/7408"}],"wp:attachment":[{"href":"https:\/\/sfu.sk\/en\/wp-json\/wp\/v2\/media?parent=9705"}],"wp:term":[{"taxonomy":"product_brand","embeddable":true,"href":"https:\/\/sfu.sk\/en\/wp-json\/wp\/v2\/product_brand?post=9705"},{"taxonomy":"product_cat","embeddable":true,"href":"https:\/\/sfu.sk\/en\/wp-json\/wp\/v2\/product_cat?post=9705"},{"taxonomy":"product_tag","embeddable":true,"href":"https:\/\/sfu.sk\/en\/wp-json\/wp\/v2\/product_tag?post=9705"}],"curies":[{"name":"wp","href":"https:\/\/api.w.org\/{rel}","templated":true}]}}