{"id":9721,"date":"2023-06-16T11:39:31","date_gmt":"2023-06-16T09:39:31","guid":{"rendered":"https:\/\/sfu.sk\/eshop\/mapovani-pohybliveho-obrazu-media-akteri-a-mista-v-ceskem-prostredi\/"},"modified":"2023-08-30T09:46:03","modified_gmt":"2023-08-30T07:46:03","slug":"mapovani-pohybliveho-obrazu-media-akteri-a-mista-v-ceskem-prostredi","status":"publish","type":"product","link":"https:\/\/sfu.sk\/en\/eshop\/mapovani-pohybliveho-obrazu-media-akteri-a-mista-v-ceskem-prostredi\/","title":{"rendered":"Mapov\u00e1n\u00ed pohybliv\u00e9ho obrazu. M\u00e9dia, akt\u00e9\u0159i a m\u00edsta v \u010desk\u00e9m prost\u0159ed\u00ed"},"content":{"rendered":"","protected":false},"excerpt":{"rendered":"","protected":false},"featured_media":7456,"comment_status":"closed","ping_status":"closed","template":"","meta":{"_acf_changed":false,"inline_featured_image":false},"product_brand":[],"product_cat":[],"product_tag":[],"class_list":{"0":"post-9721","1":"product","2":"type-product","3":"status-publish","4":"has-post-thumbnail","6":"vydavatel-tituly-ine-en","8":"first","9":"outofstock","10":"purchasable","11":"product-type-simple"},"acf":[],"_links":{"self":[{"href":"https:\/\/sfu.sk\/en\/wp-json\/wp\/v2\/product\/9721","targetHints":{"allow":["GET"]}}],"collection":[{"href":"https:\/\/sfu.sk\/en\/wp-json\/wp\/v2\/product"}],"about":[{"href":"https:\/\/sfu.sk\/en\/wp-json\/wp\/v2\/types\/product"}],"replies":[{"embeddable":true,"href":"https:\/\/sfu.sk\/en\/wp-json\/wp\/v2\/comments?post=9721"}],"wp:featuredmedia":[{"embeddable":true,"href":"https:\/\/sfu.sk\/en\/wp-json\/wp\/v2\/media\/7456"}],"wp:attachment":[{"href":"https:\/\/sfu.sk\/en\/wp-json\/wp\/v2\/media?parent=9721"}],"wp:term":[{"taxonomy":"product_brand","embeddable":true,"href":"https:\/\/sfu.sk\/en\/wp-json\/wp\/v2\/product_brand?post=9721"},{"taxonomy":"product_cat","embeddable":true,"href":"https:\/\/sfu.sk\/en\/wp-json\/wp\/v2\/product_cat?post=9721"},{"taxonomy":"product_tag","embeddable":true,"href":"https:\/\/sfu.sk\/en\/wp-json\/wp\/v2\/product_tag?post=9721"}],"curies":[{"name":"wp","href":"https:\/\/api.w.org\/{rel}","templated":true}]}}