{"id":9739,"date":"2022-04-27T09:11:31","date_gmt":"2022-04-27T07:11:31","guid":{"rendered":"https:\/\/sfu.sk\/eshop\/metamorfozy-imaginace-celovecerni-filmy-jana-svankmajera\/"},"modified":"2023-08-30T09:46:08","modified_gmt":"2023-08-30T07:46:08","slug":"metamorfozy-imaginace-celovecerni-filmy-jana-svankmajera","status":"publish","type":"product","link":"https:\/\/sfu.sk\/en\/eshop\/metamorfozy-imaginace-celovecerni-filmy-jana-svankmajera\/","title":{"rendered":"Metamorf\u00f3zy imaginace. Celove\u010dern\u00ed filmy Jana \u0160vankmajera"},"content":{"rendered":"","protected":false},"excerpt":{"rendered":"","protected":false},"featured_media":7510,"comment_status":"closed","ping_status":"closed","template":"","meta":{"_acf_changed":false,"inline_featured_image":false},"product_brand":[],"product_cat":[],"product_tag":[],"class_list":{"0":"post-9739","1":"product","2":"type-product","3":"status-publish","4":"has-post-thumbnail","6":"vydavatel-tituly-ine-en","8":"first","9":"instock","10":"purchasable","11":"product-type-simple"},"acf":[],"_links":{"self":[{"href":"https:\/\/sfu.sk\/en\/wp-json\/wp\/v2\/product\/9739","targetHints":{"allow":["GET"]}}],"collection":[{"href":"https:\/\/sfu.sk\/en\/wp-json\/wp\/v2\/product"}],"about":[{"href":"https:\/\/sfu.sk\/en\/wp-json\/wp\/v2\/types\/product"}],"replies":[{"embeddable":true,"href":"https:\/\/sfu.sk\/en\/wp-json\/wp\/v2\/comments?post=9739"}],"wp:featuredmedia":[{"embeddable":true,"href":"https:\/\/sfu.sk\/en\/wp-json\/wp\/v2\/media\/7510"}],"wp:attachment":[{"href":"https:\/\/sfu.sk\/en\/wp-json\/wp\/v2\/media?parent=9739"}],"wp:term":[{"taxonomy":"product_brand","embeddable":true,"href":"https:\/\/sfu.sk\/en\/wp-json\/wp\/v2\/product_brand?post=9739"},{"taxonomy":"product_cat","embeddable":true,"href":"https:\/\/sfu.sk\/en\/wp-json\/wp\/v2\/product_cat?post=9739"},{"taxonomy":"product_tag","embeddable":true,"href":"https:\/\/sfu.sk\/en\/wp-json\/wp\/v2\/product_tag?post=9739"}],"curies":[{"name":"wp","href":"https:\/\/api.w.org\/{rel}","templated":true}]}}