{"id":9754,"date":"2016-02-09T13:54:55","date_gmt":"2016-02-09T12:54:55","guid":{"rendered":"https:\/\/sfu.sk\/eshop\/mocne-zeny-alebo-zeny-moci-vizualna-kultura-reprezentacia-ideologia\/"},"modified":"2023-08-30T09:46:15","modified_gmt":"2023-08-30T07:46:15","slug":"mocne-zeny-alebo-zeny-moci-vizualna-kultura-reprezentacia-ideologia","status":"publish","type":"product","link":"https:\/\/sfu.sk\/en\/eshop\/mocne-zeny-alebo-zeny-moci-vizualna-kultura-reprezentacia-ideologia\/","title":{"rendered":"Mocn\u00e9 \u017eeny alebo \u017eeny moci? Vizu\u00e1lna kult\u00fara, reprezent\u00e1cia, ideol\u00f3gia"},"content":{"rendered":"","protected":false},"excerpt":{"rendered":"","protected":false},"featured_media":7555,"comment_status":"closed","ping_status":"open","template":"","meta":{"_acf_changed":false,"inline_featured_image":false},"product_brand":[],"product_cat":[72],"product_tag":[],"class_list":{"0":"post-9754","1":"product","2":"type-product","3":"status-publish","4":"has-post-thumbnail","6":"product_cat-nezaradene","7":"vydavatel-tituly-ine-en","9":"first","10":"instock","11":"purchasable","12":"product-type-simple"},"acf":[],"_links":{"self":[{"href":"https:\/\/sfu.sk\/en\/wp-json\/wp\/v2\/product\/9754","targetHints":{"allow":["GET"]}}],"collection":[{"href":"https:\/\/sfu.sk\/en\/wp-json\/wp\/v2\/product"}],"about":[{"href":"https:\/\/sfu.sk\/en\/wp-json\/wp\/v2\/types\/product"}],"replies":[{"embeddable":true,"href":"https:\/\/sfu.sk\/en\/wp-json\/wp\/v2\/comments?post=9754"}],"wp:featuredmedia":[{"embeddable":true,"href":"https:\/\/sfu.sk\/en\/wp-json\/wp\/v2\/media\/7555"}],"wp:attachment":[{"href":"https:\/\/sfu.sk\/en\/wp-json\/wp\/v2\/media?parent=9754"}],"wp:term":[{"taxonomy":"product_brand","embeddable":true,"href":"https:\/\/sfu.sk\/en\/wp-json\/wp\/v2\/product_brand?post=9754"},{"taxonomy":"product_cat","embeddable":true,"href":"https:\/\/sfu.sk\/en\/wp-json\/wp\/v2\/product_cat?post=9754"},{"taxonomy":"product_tag","embeddable":true,"href":"https:\/\/sfu.sk\/en\/wp-json\/wp\/v2\/product_tag?post=9754"}],"curies":[{"name":"wp","href":"https:\/\/api.w.org\/{rel}","templated":true}]}}