{"id":9787,"date":"2015-11-02T17:33:30","date_gmt":"2015-11-02T16:33:30","guid":{"rendered":"https:\/\/sfu.sk\/eshop\/night-riders\/"},"modified":"2023-08-30T09:46:24","modified_gmt":"2023-08-30T07:46:24","slug":"night-riders","status":"publish","type":"product","link":"https:\/\/sfu.sk\/en\/eshop\/night-riders\/","title":{"rendered":"Night Riders"},"content":{"rendered":"<p>\n\tTwo men of principle face each other. One is backed by a whole, however poor, village, the other by the law. It is a conflict that reaches its climax in the closing shoot-out. Instead of the Wild West, the gunshots go off on the Slovak-Polish border. Michal Do\u010dolomansk\u00fd as the horse smuggler and Radoslav Brzobohat\u00fd as the customs officer from Prague meet in Holl\u00fd\u00b4s Night Riders in a western-like confrontation set in the insecure years of the newly founded Czechoslovak Republic.&nbsp;<\/p>\n","protected":false},"excerpt":{"rendered":"<p>Two men of principle face each other. One is backed by a whole, however poor, village, the other by the law. It is a conflict that reaches its climax in the closing shoot-out. Instead of the Wild West, the gunshots go off on the Slovak-Polish border. Michal Do\u010dolomansk\u00fd as the horse smuggler and Radoslav Brzobohat\u00fd [&hellip;]<\/p>\n","protected":false},"featured_media":7654,"comment_status":"closed","ping_status":"closed","template":"","meta":{"_acf_changed":false,"inline_featured_image":false},"product_brand":[],"product_cat":[],"product_tag":[],"class_list":{"0":"post-9787","1":"product","2":"type-product","3":"status-publish","4":"has-post-thumbnail","6":"vydavatel-tituly-sfu-en","8":"first","9":"outofstock","10":"purchasable","11":"product-type-simple"},"acf":[],"_links":{"self":[{"href":"https:\/\/sfu.sk\/en\/wp-json\/wp\/v2\/product\/9787","targetHints":{"allow":["GET"]}}],"collection":[{"href":"https:\/\/sfu.sk\/en\/wp-json\/wp\/v2\/product"}],"about":[{"href":"https:\/\/sfu.sk\/en\/wp-json\/wp\/v2\/types\/product"}],"replies":[{"embeddable":true,"href":"https:\/\/sfu.sk\/en\/wp-json\/wp\/v2\/comments?post=9787"}],"wp:featuredmedia":[{"embeddable":true,"href":"https:\/\/sfu.sk\/en\/wp-json\/wp\/v2\/media\/7654"}],"wp:attachment":[{"href":"https:\/\/sfu.sk\/en\/wp-json\/wp\/v2\/media?parent=9787"}],"wp:term":[{"taxonomy":"product_brand","embeddable":true,"href":"https:\/\/sfu.sk\/en\/wp-json\/wp\/v2\/product_brand?post=9787"},{"taxonomy":"product_cat","embeddable":true,"href":"https:\/\/sfu.sk\/en\/wp-json\/wp\/v2\/product_cat?post=9787"},{"taxonomy":"product_tag","embeddable":true,"href":"https:\/\/sfu.sk\/en\/wp-json\/wp\/v2\/product_tag?post=9787"}],"curies":[{"name":"wp","href":"https:\/\/api.w.org\/{rel}","templated":true}]}}