{"id":9790,"date":"2016-04-07T08:57:25","date_gmt":"2016-04-07T06:57:25","guid":{"rendered":"https:\/\/sfu.sk\/eshop\/novy-slovensky-film-produkcne-esteticke-distribucne-a-kriticke-vychodiska\/"},"modified":"2023-08-30T09:46:25","modified_gmt":"2023-08-30T07:46:25","slug":"novy-slovensky-film-produkcne-esteticke-distribucne-a-kriticke-vychodiska","status":"publish","type":"product","link":"https:\/\/sfu.sk\/en\/eshop\/novy-slovensky-film-produkcne-esteticke-distribucne-a-kriticke-vychodiska\/","title":{"rendered":"Nov\u00fd slovensk\u00fd film &#8211; Produk\u010dn\u00e9, estetick\u00e9, distribu\u010dn\u00e9 a kritick\u00e9 v\u00fdchodisk\u00e1"},"content":{"rendered":"","protected":false},"excerpt":{"rendered":"","protected":false},"featured_media":7663,"comment_status":"closed","ping_status":"open","template":"","meta":{"_acf_changed":false,"inline_featured_image":false},"product_brand":[],"product_cat":[72],"product_tag":[],"class_list":{"0":"post-9790","1":"product","2":"type-product","3":"status-publish","4":"has-post-thumbnail","6":"product_cat-nezaradene","7":"vydavatel-tituly-ine-en","9":"first","10":"instock","11":"purchasable","12":"product-type-simple"},"acf":[],"_links":{"self":[{"href":"https:\/\/sfu.sk\/en\/wp-json\/wp\/v2\/product\/9790","targetHints":{"allow":["GET"]}}],"collection":[{"href":"https:\/\/sfu.sk\/en\/wp-json\/wp\/v2\/product"}],"about":[{"href":"https:\/\/sfu.sk\/en\/wp-json\/wp\/v2\/types\/product"}],"replies":[{"embeddable":true,"href":"https:\/\/sfu.sk\/en\/wp-json\/wp\/v2\/comments?post=9790"}],"wp:featuredmedia":[{"embeddable":true,"href":"https:\/\/sfu.sk\/en\/wp-json\/wp\/v2\/media\/7663"}],"wp:attachment":[{"href":"https:\/\/sfu.sk\/en\/wp-json\/wp\/v2\/media?parent=9790"}],"wp:term":[{"taxonomy":"product_brand","embeddable":true,"href":"https:\/\/sfu.sk\/en\/wp-json\/wp\/v2\/product_brand?post=9790"},{"taxonomy":"product_cat","embeddable":true,"href":"https:\/\/sfu.sk\/en\/wp-json\/wp\/v2\/product_cat?post=9790"},{"taxonomy":"product_tag","embeddable":true,"href":"https:\/\/sfu.sk\/en\/wp-json\/wp\/v2\/product_tag?post=9790"}],"curies":[{"name":"wp","href":"https:\/\/api.w.org\/{rel}","templated":true}]}}