{"id":9794,"date":"2022-08-02T09:25:30","date_gmt":"2022-08-02T07:25:30","guid":{"rendered":"https:\/\/sfu.sk\/eshop\/obcan-kane\/"},"modified":"2023-08-30T09:46:26","modified_gmt":"2023-08-30T07:46:26","slug":"obcan-kane","status":"publish","type":"product","link":"https:\/\/sfu.sk\/en\/eshop\/obcan-kane\/","title":{"rendered":"Ob\u010dan Kane"},"content":{"rendered":"<h3>\n\t<strong>Technick\u00e9 inform\u00e1cie<\/strong><\/h3>\n<p>\n\t<strong>Vydavate\u013e:<\/strong> Casablanca, 2009<br \/>\n\t<strong>Jazyk:<\/strong> \u010desk\u00fd, preklad: Radovan Baro\u0161 + kolektiv student\u016f translatologie FF UK pod veden\u00edm Evy Kalivodov\u00e9<br \/>\n\t<strong>Po\u010det str\u00e1n:<\/strong> 104 stran, uvnit\u0159 33 \u010db fotoilustrac\u00ed<br \/>\n\t<strong>V\u00e4zba:<\/strong> bro\u017e.<br \/>\n\t<strong>ISBN:<\/strong> 978-80-87292-03-7<\/p>\n<p>\n\t<em>Kniha vy\u0161la s laskavou podporou Nadace \u010cesk\u00fd liter\u00e1rn\u00ed fond<\/em><\/p>\n<p>\n\t&nbsp;<\/p>\n","protected":false},"excerpt":{"rendered":"<p>Technick\u00e9 inform\u00e1cie Vydavate\u013e: Casablanca, 2009 Jazyk: \u010desk\u00fd, preklad: Radovan Baro\u0161 + kolektiv student\u016f translatologie FF UK pod veden\u00edm Evy Kalivodov\u00e9 Po\u010det str\u00e1n: 104 stran, uvnit\u0159 33 \u010db fotoilustrac\u00ed V\u00e4zba: bro\u017e. ISBN: 978-80-87292-03-7 Kniha vy\u0161la s laskavou podporou Nadace \u010cesk\u00fd liter\u00e1rn\u00ed fond &nbsp;<\/p>\n","protected":false},"featured_media":7675,"comment_status":"closed","ping_status":"closed","template":"","meta":{"_acf_changed":false,"inline_featured_image":false},"product_brand":[],"product_cat":[],"product_tag":[],"class_list":{"0":"post-9794","1":"product","2":"type-product","3":"status-publish","4":"has-post-thumbnail","6":"vydavatel-tituly-ine-en","8":"first","9":"instock","10":"purchasable","11":"product-type-simple"},"acf":[],"_links":{"self":[{"href":"https:\/\/sfu.sk\/en\/wp-json\/wp\/v2\/product\/9794","targetHints":{"allow":["GET"]}}],"collection":[{"href":"https:\/\/sfu.sk\/en\/wp-json\/wp\/v2\/product"}],"about":[{"href":"https:\/\/sfu.sk\/en\/wp-json\/wp\/v2\/types\/product"}],"replies":[{"embeddable":true,"href":"https:\/\/sfu.sk\/en\/wp-json\/wp\/v2\/comments?post=9794"}],"wp:featuredmedia":[{"embeddable":true,"href":"https:\/\/sfu.sk\/en\/wp-json\/wp\/v2\/media\/7675"}],"wp:attachment":[{"href":"https:\/\/sfu.sk\/en\/wp-json\/wp\/v2\/media?parent=9794"}],"wp:term":[{"taxonomy":"product_brand","embeddable":true,"href":"https:\/\/sfu.sk\/en\/wp-json\/wp\/v2\/product_brand?post=9794"},{"taxonomy":"product_cat","embeddable":true,"href":"https:\/\/sfu.sk\/en\/wp-json\/wp\/v2\/product_cat?post=9794"},{"taxonomy":"product_tag","embeddable":true,"href":"https:\/\/sfu.sk\/en\/wp-json\/wp\/v2\/product_tag?post=9794"}],"curies":[{"name":"wp","href":"https:\/\/api.w.org\/{rel}","templated":true}]}}