{"id":9800,"date":"2016-01-26T13:46:52","date_gmt":"2016-01-26T12:46:52","guid":{"rendered":"https:\/\/sfu.sk\/eshop\/pictures-of-the-old-world\/"},"modified":"2026-01-05T02:06:14","modified_gmt":"2026-01-05T01:06:14","slug":"pictures-of-the-old-world","status":"publish","type":"product","link":"https:\/\/sfu.sk\/en\/eshop\/pictures-of-the-old-world\/","title":{"rendered":"Pictures of the Old World"},"content":{"rendered":"<p>\n\tVivid portraits of old people from the Slovak regions of Liptov and Orava, who live in inner freedom despite the surrounding civilizational chaos. Inspired by the photographs of Martin Martin\u010dek, Du\u0161an Han\u00e1k used his genuine sensitivity in his portrayal of his truly unique characters, their original attitudes to life, and their admirable innocence.<\/p>\n","protected":false},"excerpt":{"rendered":"<p>Vivid portraits of old people from the Slovak regions of Liptov and Orava, who live in inner freedom despite the surrounding civilizational chaos. Inspired by the photographs of Martin Martin\u010dek, Du\u0161an Han\u00e1k used his genuine sensitivity in his portrayal of his truly unique characters, their original attitudes to life, and their admirable innocence.<\/p>\n","protected":false},"featured_media":7693,"comment_status":"closed","ping_status":"closed","template":"","meta":{"_acf_changed":false,"inline_featured_image":false},"product_brand":[],"product_cat":[],"product_tag":[],"class_list":{"0":"post-9800","1":"product","2":"type-product","3":"status-publish","4":"has-post-thumbnail","6":"vydavatel-tituly-sfu-en","8":"first","9":"instock","10":"purchasable","11":"product-type-simple"},"acf":[],"_links":{"self":[{"href":"https:\/\/sfu.sk\/en\/wp-json\/wp\/v2\/product\/9800","targetHints":{"allow":["GET"]}}],"collection":[{"href":"https:\/\/sfu.sk\/en\/wp-json\/wp\/v2\/product"}],"about":[{"href":"https:\/\/sfu.sk\/en\/wp-json\/wp\/v2\/types\/product"}],"replies":[{"embeddable":true,"href":"https:\/\/sfu.sk\/en\/wp-json\/wp\/v2\/comments?post=9800"}],"wp:featuredmedia":[{"embeddable":true,"href":"https:\/\/sfu.sk\/en\/wp-json\/wp\/v2\/media\/7693"}],"wp:attachment":[{"href":"https:\/\/sfu.sk\/en\/wp-json\/wp\/v2\/media?parent=9800"}],"wp:term":[{"taxonomy":"product_brand","embeddable":true,"href":"https:\/\/sfu.sk\/en\/wp-json\/wp\/v2\/product_brand?post=9800"},{"taxonomy":"product_cat","embeddable":true,"href":"https:\/\/sfu.sk\/en\/wp-json\/wp\/v2\/product_cat?post=9800"},{"taxonomy":"product_tag","embeddable":true,"href":"https:\/\/sfu.sk\/en\/wp-json\/wp\/v2\/product_tag?post=9800"}],"curies":[{"name":"wp","href":"https:\/\/api.w.org\/{rel}","templated":true}]}}