{"id":9803,"date":"2016-01-28T10:35:26","date_gmt":"2016-01-28T09:35:26","guid":{"rendered":"https:\/\/sfu.sk\/eshop\/odlozeny-cas-filmove-pramene-historiografia-dokumentarny-film\/"},"modified":"2026-01-05T02:06:46","modified_gmt":"2026-01-05T01:06:46","slug":"odlozeny-cas-filmove-pramene-historiografia-dokumentarny-film","status":"publish","type":"product","link":"https:\/\/sfu.sk\/en\/eshop\/odlozeny-cas-filmove-pramene-historiografia-dokumentarny-film\/","title":{"rendered":"Odlo\u017een\u00fd \u010das. Filmov\u00e9 pramene, historiografia, dokument\u00e1rny film"},"content":{"rendered":"","protected":false},"excerpt":{"rendered":"","protected":false},"featured_media":7702,"comment_status":"closed","ping_status":"closed","template":"","meta":{"_acf_changed":false,"inline_featured_image":false},"product_brand":[],"product_cat":[],"product_tag":[],"class_list":{"0":"post-9803","1":"product","2":"type-product","3":"status-publish","4":"has-post-thumbnail","6":"vydavatel-tituly-sfu-en","8":"first","9":"instock","10":"purchasable","11":"product-type-simple"},"acf":[],"_links":{"self":[{"href":"https:\/\/sfu.sk\/en\/wp-json\/wp\/v2\/product\/9803","targetHints":{"allow":["GET"]}}],"collection":[{"href":"https:\/\/sfu.sk\/en\/wp-json\/wp\/v2\/product"}],"about":[{"href":"https:\/\/sfu.sk\/en\/wp-json\/wp\/v2\/types\/product"}],"replies":[{"embeddable":true,"href":"https:\/\/sfu.sk\/en\/wp-json\/wp\/v2\/comments?post=9803"}],"wp:featuredmedia":[{"embeddable":true,"href":"https:\/\/sfu.sk\/en\/wp-json\/wp\/v2\/media\/7702"}],"wp:attachment":[{"href":"https:\/\/sfu.sk\/en\/wp-json\/wp\/v2\/media?parent=9803"}],"wp:term":[{"taxonomy":"product_brand","embeddable":true,"href":"https:\/\/sfu.sk\/en\/wp-json\/wp\/v2\/product_brand?post=9803"},{"taxonomy":"product_cat","embeddable":true,"href":"https:\/\/sfu.sk\/en\/wp-json\/wp\/v2\/product_cat?post=9803"},{"taxonomy":"product_tag","embeddable":true,"href":"https:\/\/sfu.sk\/en\/wp-json\/wp\/v2\/product_tag?post=9803"}],"curies":[{"name":"wp","href":"https:\/\/api.w.org\/{rel}","templated":true}]}}