{"id":9806,"date":"2016-02-22T09:44:48","date_gmt":"2016-02-22T08:44:48","guid":{"rendered":"https:\/\/sfu.sk\/eshop\/the-optimist\/"},"modified":"2023-08-30T09:46:31","modified_gmt":"2023-08-30T07:46:31","slug":"the-optimist","status":"publish","type":"product","link":"https:\/\/sfu.sk\/en\/eshop\/the-optimist\/","title":{"rendered":"The Optimist"},"content":{"rendered":"<p>\n\tThe long suppressed life story of \u013dudov\u00edt Winter (1970-1968), visionary and builder of modern Slovak spas, shows how totalitarian regimes can destroy an outstanding human intellect and the memory of a nation. The entrepreneurial activities of this genius, which were mainly of a public service nature, made Pie\u0161\u0165any, a little spa town in the V\u00e1h valley, famous and prosperous. The film depicts a conflict between two attitudes to life against a 20th century background.<\/p>\n","protected":false},"excerpt":{"rendered":"<p>The long suppressed life story of \u013dudov\u00edt Winter (1970-1968), visionary and builder of modern Slovak spas, shows how totalitarian regimes can destroy an outstanding human intellect and the memory of a nation. The entrepreneurial activities of this genius, which were mainly of a public service nature, made Pie\u0161\u0165any, a little spa town in the V\u00e1h [&hellip;]<\/p>\n","protected":false},"featured_media":7711,"comment_status":"closed","ping_status":"closed","template":"","meta":{"_acf_changed":false,"inline_featured_image":false},"product_brand":[],"product_cat":[],"product_tag":[],"class_list":{"0":"post-9806","1":"product","2":"type-product","3":"status-publish","4":"has-post-thumbnail","6":"vydavatel-tituly-ine-en","8":"first","9":"outofstock","10":"sale","11":"purchasable","12":"product-type-simple"},"acf":[],"_links":{"self":[{"href":"https:\/\/sfu.sk\/en\/wp-json\/wp\/v2\/product\/9806","targetHints":{"allow":["GET"]}}],"collection":[{"href":"https:\/\/sfu.sk\/en\/wp-json\/wp\/v2\/product"}],"about":[{"href":"https:\/\/sfu.sk\/en\/wp-json\/wp\/v2\/types\/product"}],"replies":[{"embeddable":true,"href":"https:\/\/sfu.sk\/en\/wp-json\/wp\/v2\/comments?post=9806"}],"wp:featuredmedia":[{"embeddable":true,"href":"https:\/\/sfu.sk\/en\/wp-json\/wp\/v2\/media\/7711"}],"wp:attachment":[{"href":"https:\/\/sfu.sk\/en\/wp-json\/wp\/v2\/media?parent=9806"}],"wp:term":[{"taxonomy":"product_brand","embeddable":true,"href":"https:\/\/sfu.sk\/en\/wp-json\/wp\/v2\/product_brand?post=9806"},{"taxonomy":"product_cat","embeddable":true,"href":"https:\/\/sfu.sk\/en\/wp-json\/wp\/v2\/product_cat?post=9806"},{"taxonomy":"product_tag","embeddable":true,"href":"https:\/\/sfu.sk\/en\/wp-json\/wp\/v2\/product_tag?post=9806"}],"curies":[{"name":"wp","href":"https:\/\/api.w.org\/{rel}","templated":true}]}}