{"id":9816,"date":"2015-10-26T13:35:33","date_gmt":"2015-10-26T12:35:33","guid":{"rendered":"https:\/\/sfu.sk\/eshop\/pacho-the-brigand-of-hybe\/"},"modified":"2023-08-30T09:46:34","modified_gmt":"2023-08-30T07:46:34","slug":"pacho-the-brigand-of-hybe","status":"publish","type":"product","link":"https:\/\/sfu.sk\/en\/eshop\/pacho-the-brigand-of-hybe\/","title":{"rendered":"Pacho, the Brigand of Hybe"},"content":{"rendered":"<p>\n\tMartin \u0164ap\u00e1k\u00b4s Pacho, the Brigand of Hybe was based on the story written by Peter Jaro\u0161 as a humorous resemblance of the Slovak legendary hero Juro J\u00e1no\u0161\u00edk spiced up with numerous cliches of official Slovak folklore. The resulting picture is one of the very few, if not the only truly well-done Slovak film parody. Jozef kroner\u00b4s unforgettable performance in the lead role, supported by the witty dialogues written by classic Slovak comedians Milan Lasica and J\u00falius Satinsk\u00fd made the film into a unique phenomenon of Slovak cinematographic tradition.&nbsp;<\/p>\n","protected":false},"excerpt":{"rendered":"<p>Martin \u0164ap\u00e1k\u00b4s Pacho, the Brigand of Hybe was based on the story written by Peter Jaro\u0161 as a humorous resemblance of the Slovak legendary hero Juro J\u00e1no\u0161\u00edk spiced up with numerous cliches of official Slovak folklore. The resulting picture is one of the very few, if not the only truly well-done Slovak film parody. Jozef [&hellip;]<\/p>\n","protected":false},"featured_media":7741,"comment_status":"closed","ping_status":"closed","template":"","meta":{"_acf_changed":false,"inline_featured_image":false},"product_brand":[],"product_cat":[],"product_tag":[],"class_list":{"0":"post-9816","1":"product","2":"type-product","3":"status-publish","4":"has-post-thumbnail","6":"vydavatel-tituly-sfu-en","8":"first","9":"outofstock","10":"sale","11":"purchasable","12":"product-type-simple"},"acf":[],"_links":{"self":[{"href":"https:\/\/sfu.sk\/en\/wp-json\/wp\/v2\/product\/9816","targetHints":{"allow":["GET"]}}],"collection":[{"href":"https:\/\/sfu.sk\/en\/wp-json\/wp\/v2\/product"}],"about":[{"href":"https:\/\/sfu.sk\/en\/wp-json\/wp\/v2\/types\/product"}],"replies":[{"embeddable":true,"href":"https:\/\/sfu.sk\/en\/wp-json\/wp\/v2\/comments?post=9816"}],"wp:featuredmedia":[{"embeddable":true,"href":"https:\/\/sfu.sk\/en\/wp-json\/wp\/v2\/media\/7741"}],"wp:attachment":[{"href":"https:\/\/sfu.sk\/en\/wp-json\/wp\/v2\/media?parent=9816"}],"wp:term":[{"taxonomy":"product_brand","embeddable":true,"href":"https:\/\/sfu.sk\/en\/wp-json\/wp\/v2\/product_brand?post=9816"},{"taxonomy":"product_cat","embeddable":true,"href":"https:\/\/sfu.sk\/en\/wp-json\/wp\/v2\/product_cat?post=9816"},{"taxonomy":"product_tag","embeddable":true,"href":"https:\/\/sfu.sk\/en\/wp-json\/wp\/v2\/product_tag?post=9816"}],"curies":[{"name":"wp","href":"https:\/\/api.w.org\/{rel}","templated":true}]}}