{"id":9817,"date":"2016-01-27T13:46:27","date_gmt":"2016-01-27T12:46:27","guid":{"rendered":"https:\/\/sfu.sk\/eshop\/palo-bielik-a-slovenska-filmova-kultura\/"},"modified":"2026-01-05T02:06:47","modified_gmt":"2026-01-05T01:06:47","slug":"palo-bielik-a-slovenska-filmova-kultura","status":"publish","type":"product","link":"https:\/\/sfu.sk\/en\/eshop\/palo-bielik-a-slovenska-filmova-kultura\/","title":{"rendered":"Pa\u013eo Bielik a slovensk\u00e1 filmov\u00e1 kult\u00fara"},"content":{"rendered":"","protected":false},"excerpt":{"rendered":"","protected":false},"featured_media":7744,"comment_status":"closed","ping_status":"closed","template":"","meta":{"_acf_changed":false,"inline_featured_image":false},"product_brand":[],"product_cat":[],"product_tag":[],"class_list":{"0":"post-9817","1":"product","2":"type-product","3":"status-publish","4":"has-post-thumbnail","6":"vydavatel-tituly-sfu-en","8":"first","9":"instock","10":"purchasable","11":"product-type-simple"},"acf":[],"_links":{"self":[{"href":"https:\/\/sfu.sk\/en\/wp-json\/wp\/v2\/product\/9817","targetHints":{"allow":["GET"]}}],"collection":[{"href":"https:\/\/sfu.sk\/en\/wp-json\/wp\/v2\/product"}],"about":[{"href":"https:\/\/sfu.sk\/en\/wp-json\/wp\/v2\/types\/product"}],"replies":[{"embeddable":true,"href":"https:\/\/sfu.sk\/en\/wp-json\/wp\/v2\/comments?post=9817"}],"wp:featuredmedia":[{"embeddable":true,"href":"https:\/\/sfu.sk\/en\/wp-json\/wp\/v2\/media\/7744"}],"wp:attachment":[{"href":"https:\/\/sfu.sk\/en\/wp-json\/wp\/v2\/media?parent=9817"}],"wp:term":[{"taxonomy":"product_brand","embeddable":true,"href":"https:\/\/sfu.sk\/en\/wp-json\/wp\/v2\/product_brand?post=9817"},{"taxonomy":"product_cat","embeddable":true,"href":"https:\/\/sfu.sk\/en\/wp-json\/wp\/v2\/product_cat?post=9817"},{"taxonomy":"product_tag","embeddable":true,"href":"https:\/\/sfu.sk\/en\/wp-json\/wp\/v2\/product_tag?post=9817"}],"curies":[{"name":"wp","href":"https:\/\/api.w.org\/{rel}","templated":true}]}}