{"id":9823,"date":"2015-11-02T18:12:23","date_gmt":"2015-11-02T17:12:23","guid":{"rendered":"https:\/\/sfu.sk\/eshop\/she-kept-crying-for-the-moon\/"},"modified":"2026-01-05T02:06:18","modified_gmt":"2026-01-05T01:06:18","slug":"she-kept-crying-for-the-moon","status":"publish","type":"product","link":"https:\/\/sfu.sk\/en\/eshop\/she-kept-crying-for-the-moon\/","title":{"rendered":"She Kept Crying For the Moon"},"content":{"rendered":"<p>\n\tA tragicomic story from a rural setting was based on the collection of short stories by Milka Zimkov\u00e1, who was also cast in the lead role. The lives of Johana Ov\u0161en\u00e1 and her illegitimate daughter Pavl\u00edna seem to copy each other. Johana, a single mother, watches her daughter make the same mistake as she herself had made in the past. The makers of the film had very good knowledge of village life. \u0160tefan Uher\u00b4s film is an authentic picture of the way of life, regional traditions, and mentality of people from eastern Slovakia.&nbsp;<\/p>\n","protected":false},"excerpt":{"rendered":"<p>A tragicomic story from a rural setting was based on the collection of short stories by Milka Zimkov\u00e1, who was also cast in the lead role. The lives of Johana Ov\u0161en\u00e1 and her illegitimate daughter Pavl\u00edna seem to copy each other. Johana, a single mother, watches her daughter make the same mistake as she herself [&hellip;]<\/p>\n","protected":false},"featured_media":43232,"comment_status":"closed","ping_status":"closed","template":"","meta":{"_acf_changed":false,"inline_featured_image":false},"product_brand":[],"product_cat":[],"product_tag":[],"class_list":{"0":"post-9823","1":"product","2":"type-product","3":"status-publish","4":"has-post-thumbnail","6":"vydavatel-tituly-sfu-en","8":"first","9":"instock","10":"purchasable","11":"product-type-simple"},"acf":[],"_links":{"self":[{"href":"https:\/\/sfu.sk\/en\/wp-json\/wp\/v2\/product\/9823","targetHints":{"allow":["GET"]}}],"collection":[{"href":"https:\/\/sfu.sk\/en\/wp-json\/wp\/v2\/product"}],"about":[{"href":"https:\/\/sfu.sk\/en\/wp-json\/wp\/v2\/types\/product"}],"replies":[{"embeddable":true,"href":"https:\/\/sfu.sk\/en\/wp-json\/wp\/v2\/comments?post=9823"}],"wp:featuredmedia":[{"embeddable":true,"href":"https:\/\/sfu.sk\/en\/wp-json\/wp\/v2\/media\/43232"}],"wp:attachment":[{"href":"https:\/\/sfu.sk\/en\/wp-json\/wp\/v2\/media?parent=9823"}],"wp:term":[{"taxonomy":"product_brand","embeddable":true,"href":"https:\/\/sfu.sk\/en\/wp-json\/wp\/v2\/product_brand?post=9823"},{"taxonomy":"product_cat","embeddable":true,"href":"https:\/\/sfu.sk\/en\/wp-json\/wp\/v2\/product_cat?post=9823"},{"taxonomy":"product_tag","embeddable":true,"href":"https:\/\/sfu.sk\/en\/wp-json\/wp\/v2\/product_tag?post=9823"}],"curies":[{"name":"wp","href":"https:\/\/api.w.org\/{rel}","templated":true}]}}