{"id":9859,"date":"2016-02-19T14:42:48","date_gmt":"2016-02-19T13:42:48","guid":{"rendered":"https:\/\/sfu.sk\/eshop\/pravda-a-lez-filmovani-v-ghettu-terezin-1942-1945\/"},"modified":"2023-08-30T09:46:48","modified_gmt":"2023-08-30T07:46:48","slug":"pravda-a-lez-filmovani-v-ghettu-terezin-1942-1945","status":"publish","type":"product","link":"https:\/\/sfu.sk\/en\/eshop\/pravda-a-lez-filmovani-v-ghettu-terezin-1942-1945\/","title":{"rendered":"Pravda a le\u017e. Filmov\u00e1n\u00ed v ghettu Terez\u00edn 1942\u20131945"},"content":{"rendered":"","protected":false},"excerpt":{"rendered":"","protected":false},"featured_media":7870,"comment_status":"closed","ping_status":"open","template":"","meta":{"_acf_changed":false,"inline_featured_image":false},"product_brand":[],"product_cat":[72],"product_tag":[],"class_list":{"0":"post-9859","1":"product","2":"type-product","3":"status-publish","4":"has-post-thumbnail","6":"product_cat-nezaradene","7":"vydavatel-tituly-ine-en","9":"first","10":"instock","11":"purchasable","12":"product-type-simple"},"acf":[],"_links":{"self":[{"href":"https:\/\/sfu.sk\/en\/wp-json\/wp\/v2\/product\/9859","targetHints":{"allow":["GET"]}}],"collection":[{"href":"https:\/\/sfu.sk\/en\/wp-json\/wp\/v2\/product"}],"about":[{"href":"https:\/\/sfu.sk\/en\/wp-json\/wp\/v2\/types\/product"}],"replies":[{"embeddable":true,"href":"https:\/\/sfu.sk\/en\/wp-json\/wp\/v2\/comments?post=9859"}],"wp:featuredmedia":[{"embeddable":true,"href":"https:\/\/sfu.sk\/en\/wp-json\/wp\/v2\/media\/7870"}],"wp:attachment":[{"href":"https:\/\/sfu.sk\/en\/wp-json\/wp\/v2\/media?parent=9859"}],"wp:term":[{"taxonomy":"product_brand","embeddable":true,"href":"https:\/\/sfu.sk\/en\/wp-json\/wp\/v2\/product_brand?post=9859"},{"taxonomy":"product_cat","embeddable":true,"href":"https:\/\/sfu.sk\/en\/wp-json\/wp\/v2\/product_cat?post=9859"},{"taxonomy":"product_tag","embeddable":true,"href":"https:\/\/sfu.sk\/en\/wp-json\/wp\/v2\/product_tag?post=9859"}],"curies":[{"name":"wp","href":"https:\/\/api.w.org\/{rel}","templated":true}]}}