{"id":9868,"date":"2018-12-05T14:37:01","date_gmt":"2018-12-05T13:37:01","guid":{"rendered":"https:\/\/sfu.sk\/eshop\/prichozi-z-temnot-otravene-svetlo-specialni-edice-2-x-dvd\/"},"modified":"2023-08-30T09:46:51","modified_gmt":"2023-08-30T07:46:51","slug":"prichozi-z-temnot-otravene-svetlo-specialni-edice-2-x-dvd","status":"publish","type":"product","link":"https:\/\/sfu.sk\/en\/eshop\/prichozi-z-temnot-otravene-svetlo-specialni-edice-2-x-dvd\/","title":{"rendered":"P\u0159\u00edchoz\u00ed z temnot \/ Otr\u00e1ven\u00e9 sv\u011btlo &#8211; speci\u00e1ln\u00ed edice &#8211; 2 x DVD"},"content":{"rendered":"","protected":false},"excerpt":{"rendered":"","protected":false},"featured_media":7897,"comment_status":"closed","ping_status":"closed","template":"","meta":{"_acf_changed":false,"inline_featured_image":false},"product_brand":[],"product_cat":[],"product_tag":[],"class_list":{"0":"post-9868","1":"product","2":"type-product","3":"status-publish","4":"has-post-thumbnail","6":"vydavatel-tituly-ine-en","8":"first","9":"instock","10":"purchasable","11":"product-type-simple"},"acf":[],"_links":{"self":[{"href":"https:\/\/sfu.sk\/en\/wp-json\/wp\/v2\/product\/9868","targetHints":{"allow":["GET"]}}],"collection":[{"href":"https:\/\/sfu.sk\/en\/wp-json\/wp\/v2\/product"}],"about":[{"href":"https:\/\/sfu.sk\/en\/wp-json\/wp\/v2\/types\/product"}],"replies":[{"embeddable":true,"href":"https:\/\/sfu.sk\/en\/wp-json\/wp\/v2\/comments?post=9868"}],"wp:featuredmedia":[{"embeddable":true,"href":"https:\/\/sfu.sk\/en\/wp-json\/wp\/v2\/media\/7897"}],"wp:attachment":[{"href":"https:\/\/sfu.sk\/en\/wp-json\/wp\/v2\/media?parent=9868"}],"wp:term":[{"taxonomy":"product_brand","embeddable":true,"href":"https:\/\/sfu.sk\/en\/wp-json\/wp\/v2\/product_brand?post=9868"},{"taxonomy":"product_cat","embeddable":true,"href":"https:\/\/sfu.sk\/en\/wp-json\/wp\/v2\/product_cat?post=9868"},{"taxonomy":"product_tag","embeddable":true,"href":"https:\/\/sfu.sk\/en\/wp-json\/wp\/v2\/product_tag?post=9868"}],"curies":[{"name":"wp","href":"https:\/\/api.w.org\/{rel}","templated":true}]}}