{"id":9879,"date":"2022-08-02T09:19:24","date_gmt":"2022-08-02T07:19:24","guid":{"rendered":"https:\/\/sfu.sk\/eshop\/pulp-fiction\/"},"modified":"2023-08-30T09:46:54","modified_gmt":"2023-08-30T07:46:54","slug":"pulp-fiction","status":"publish","type":"product","link":"https:\/\/sfu.sk\/en\/eshop\/pulp-fiction\/","title":{"rendered":"Pulp Fiction"},"content":{"rendered":"<h3>\n\t<strong>Technick\u00e9 inform\u00e1cie<\/strong><\/h3>\n<p>\n\t<strong>Vydavate\u013e:<\/strong> Casablanca, 2007<br \/>\n\t<strong>Jazyk:<\/strong> \u010desk\u00fd, preklad: Denisa \u0160mejkalov\u00e1<br \/>\n\t<strong>Po\u010det str\u00e1n:<\/strong> 112 stran, bro\u017eovan\u00e1, 60 barevn\u00fdch a \u010db fotografi\u00ed<br \/>\n\t<strong>V\u00e4zba:<\/strong> bro\u017e.<br \/>\n\t<strong>ISBN:<\/strong> 978-80-903756-3-5<\/p>\n<p>\n\t&nbsp;<\/p>\n","protected":false},"excerpt":{"rendered":"<p>Technick\u00e9 inform\u00e1cie Vydavate\u013e: Casablanca, 2007 Jazyk: \u010desk\u00fd, preklad: Denisa \u0160mejkalov\u00e1 Po\u010det str\u00e1n: 112 stran, bro\u017eovan\u00e1, 60 barevn\u00fdch a \u010db fotografi\u00ed V\u00e4zba: bro\u017e. ISBN: 978-80-903756-3-5 &nbsp;<\/p>\n","protected":false},"featured_media":7930,"comment_status":"closed","ping_status":"closed","template":"","meta":{"_acf_changed":false,"inline_featured_image":false},"product_brand":[],"product_cat":[],"product_tag":[],"class_list":{"0":"post-9879","1":"product","2":"type-product","3":"status-publish","4":"has-post-thumbnail","6":"vydavatel-tituly-ine-en","8":"first","9":"outofstock","10":"purchasable","11":"product-type-simple"},"acf":[],"_links":{"self":[{"href":"https:\/\/sfu.sk\/en\/wp-json\/wp\/v2\/product\/9879","targetHints":{"allow":["GET"]}}],"collection":[{"href":"https:\/\/sfu.sk\/en\/wp-json\/wp\/v2\/product"}],"about":[{"href":"https:\/\/sfu.sk\/en\/wp-json\/wp\/v2\/types\/product"}],"replies":[{"embeddable":true,"href":"https:\/\/sfu.sk\/en\/wp-json\/wp\/v2\/comments?post=9879"}],"wp:featuredmedia":[{"embeddable":true,"href":"https:\/\/sfu.sk\/en\/wp-json\/wp\/v2\/media\/7930"}],"wp:attachment":[{"href":"https:\/\/sfu.sk\/en\/wp-json\/wp\/v2\/media?parent=9879"}],"wp:term":[{"taxonomy":"product_brand","embeddable":true,"href":"https:\/\/sfu.sk\/en\/wp-json\/wp\/v2\/product_brand?post=9879"},{"taxonomy":"product_cat","embeddable":true,"href":"https:\/\/sfu.sk\/en\/wp-json\/wp\/v2\/product_cat?post=9879"},{"taxonomy":"product_tag","embeddable":true,"href":"https:\/\/sfu.sk\/en\/wp-json\/wp\/v2\/product_tag?post=9879"}],"curies":[{"name":"wp","href":"https:\/\/api.w.org\/{rel}","templated":true}]}}