{"id":9886,"date":"2016-03-30T10:57:32","date_gmt":"2016-03-30T08:57:32","guid":{"rendered":"https:\/\/sfu.sk\/eshop\/reves-en-rose-pink-dreams\/"},"modified":"2023-08-30T09:46:55","modified_gmt":"2023-08-30T07:46:55","slug":"reves-en-rose-pink-dreams","status":"publish","type":"product","link":"https:\/\/sfu.sk\/en\/eshop\/reves-en-rose-pink-dreams\/","title":{"rendered":"Reves en rose (Pink Dreams)"},"content":{"rendered":"<p>\n\tVersion originale slovaque sous-titr\u00e9e en fran\u00e7ais Jakub, facteur r\u00eaveur et magicien en herbes, jongle entre les colis et les services rendus aux villageois. Lors d&#8217;une tourn\u00e9e, son regard croise celui de la belle gitane Jolanka.<\/p>\n","protected":false},"excerpt":{"rendered":"<p>Version originale slovaque sous-titr\u00e9e en fran\u00e7ais Jakub, facteur r\u00eaveur et magicien en herbes, jongle entre les colis et les services rendus aux villageois. Lors d&#8217;une tourn\u00e9e, son regard croise celui de la belle gitane Jolanka.<\/p>\n","protected":false},"featured_media":7951,"comment_status":"closed","ping_status":"closed","template":"","meta":{"_acf_changed":false,"inline_featured_image":false},"product_brand":[],"product_cat":[],"product_tag":[],"class_list":{"0":"post-9886","1":"product","2":"type-product","3":"status-publish","4":"has-post-thumbnail","6":"vydavatel-tituly-ine-en","8":"first","9":"outofstock","10":"sale","11":"purchasable","12":"product-type-simple"},"acf":[],"_links":{"self":[{"href":"https:\/\/sfu.sk\/en\/wp-json\/wp\/v2\/product\/9886","targetHints":{"allow":["GET"]}}],"collection":[{"href":"https:\/\/sfu.sk\/en\/wp-json\/wp\/v2\/product"}],"about":[{"href":"https:\/\/sfu.sk\/en\/wp-json\/wp\/v2\/types\/product"}],"replies":[{"embeddable":true,"href":"https:\/\/sfu.sk\/en\/wp-json\/wp\/v2\/comments?post=9886"}],"wp:featuredmedia":[{"embeddable":true,"href":"https:\/\/sfu.sk\/en\/wp-json\/wp\/v2\/media\/7951"}],"wp:attachment":[{"href":"https:\/\/sfu.sk\/en\/wp-json\/wp\/v2\/media?parent=9886"}],"wp:term":[{"taxonomy":"product_brand","embeddable":true,"href":"https:\/\/sfu.sk\/en\/wp-json\/wp\/v2\/product_brand?post=9886"},{"taxonomy":"product_cat","embeddable":true,"href":"https:\/\/sfu.sk\/en\/wp-json\/wp\/v2\/product_cat?post=9886"},{"taxonomy":"product_tag","embeddable":true,"href":"https:\/\/sfu.sk\/en\/wp-json\/wp\/v2\/product_tag?post=9886"}],"curies":[{"name":"wp","href":"https:\/\/api.w.org\/{rel}","templated":true}]}}