{"id":9890,"date":"2016-02-23T13:01:26","date_gmt":"2016-02-23T12:01:26","guid":{"rendered":"https:\/\/sfu.sk\/eshop\/rodiska-a-doliny-vandrovnych-sklenarov-spoza-chocskych-vrchov\/"},"modified":"2023-08-30T09:46:56","modified_gmt":"2023-08-30T07:46:56","slug":"rodiska-a-doliny-vandrovnych-sklenarov-spoza-chocskych-vrchov","status":"publish","type":"product","link":"https:\/\/sfu.sk\/en\/eshop\/rodiska-a-doliny-vandrovnych-sklenarov-spoza-chocskych-vrchov\/","title":{"rendered":"Rodisk\u00e1 a doliny vandrovn\u00fdch sklen\u00e1rov spoza Cho\u010dsk\u00fdch vrchov"},"content":{"rendered":"","protected":false},"excerpt":{"rendered":"","protected":false},"featured_media":7963,"comment_status":"closed","ping_status":"closed","template":"","meta":{"_acf_changed":false,"inline_featured_image":false},"product_brand":[],"product_cat":[],"product_tag":[],"class_list":{"0":"post-9890","1":"product","2":"type-product","3":"status-publish","4":"has-post-thumbnail","6":"vydavatel-tituly-ine-en","8":"first","9":"outofstock","10":"purchasable","11":"product-type-simple"},"acf":[],"_links":{"self":[{"href":"https:\/\/sfu.sk\/en\/wp-json\/wp\/v2\/product\/9890","targetHints":{"allow":["GET"]}}],"collection":[{"href":"https:\/\/sfu.sk\/en\/wp-json\/wp\/v2\/product"}],"about":[{"href":"https:\/\/sfu.sk\/en\/wp-json\/wp\/v2\/types\/product"}],"replies":[{"embeddable":true,"href":"https:\/\/sfu.sk\/en\/wp-json\/wp\/v2\/comments?post=9890"}],"wp:featuredmedia":[{"embeddable":true,"href":"https:\/\/sfu.sk\/en\/wp-json\/wp\/v2\/media\/7963"}],"wp:attachment":[{"href":"https:\/\/sfu.sk\/en\/wp-json\/wp\/v2\/media?parent=9890"}],"wp:term":[{"taxonomy":"product_brand","embeddable":true,"href":"https:\/\/sfu.sk\/en\/wp-json\/wp\/v2\/product_brand?post=9890"},{"taxonomy":"product_cat","embeddable":true,"href":"https:\/\/sfu.sk\/en\/wp-json\/wp\/v2\/product_cat?post=9890"},{"taxonomy":"product_tag","embeddable":true,"href":"https:\/\/sfu.sk\/en\/wp-json\/wp\/v2\/product_tag?post=9890"}],"curies":[{"name":"wp","href":"https:\/\/api.w.org\/{rel}","templated":true}]}}