{"id":9902,"date":"2015-10-28T08:52:53","date_gmt":"2015-10-28T07:52:53","guid":{"rendered":"https:\/\/sfu.sk\/eshop\/pink-dreams\/"},"modified":"2026-01-05T02:06:20","modified_gmt":"2026-01-05T01:06:20","slug":"pink-dreams","status":"publish","type":"product","link":"https:\/\/sfu.sk\/en\/eshop\/pink-dreams\/","title":{"rendered":"Pink Dreams"},"content":{"rendered":"<p>\n\tAn amiable picture about entering adulthood, great dreams, and the first &#8211; forbidden &#8211; love of a white postman, Jakub, and a pretty Gypsy girl, Jolanka. This is a poetic story, a mosaic of the playful world springing from the wild imagination of the village postman and its clash with the pragmatic mundane reality that finally beats the rosy dreams of the young protagonists. Director Du\u0161an Han\u00e1k and screenwriter Du\u0161an Du\u0161ek\u00b4s most popular film has been cherished by critics as well as wide audiences at home and abroad.&nbsp;<\/p>\n","protected":false},"excerpt":{"rendered":"<p>An amiable picture about entering adulthood, great dreams, and the first &#8211; forbidden &#8211; love of a white postman, Jakub, and a pretty Gypsy girl, Jolanka. This is a poetic story, a mosaic of the playful world springing from the wild imagination of the village postman and its clash with the pragmatic mundane reality that [&hellip;]<\/p>\n","protected":false},"featured_media":7999,"comment_status":"closed","ping_status":"closed","template":"","meta":{"_acf_changed":false,"inline_featured_image":false},"product_brand":[],"product_cat":[],"product_tag":[],"class_list":{"0":"post-9902","1":"product","2":"type-product","3":"status-publish","4":"has-post-thumbnail","6":"vydavatel-tituly-sfu-en","8":"first","9":"instock","10":"purchasable","11":"product-type-simple"},"acf":[],"_links":{"self":[{"href":"https:\/\/sfu.sk\/en\/wp-json\/wp\/v2\/product\/9902","targetHints":{"allow":["GET"]}}],"collection":[{"href":"https:\/\/sfu.sk\/en\/wp-json\/wp\/v2\/product"}],"about":[{"href":"https:\/\/sfu.sk\/en\/wp-json\/wp\/v2\/types\/product"}],"replies":[{"embeddable":true,"href":"https:\/\/sfu.sk\/en\/wp-json\/wp\/v2\/comments?post=9902"}],"wp:featuredmedia":[{"embeddable":true,"href":"https:\/\/sfu.sk\/en\/wp-json\/wp\/v2\/media\/7999"}],"wp:attachment":[{"href":"https:\/\/sfu.sk\/en\/wp-json\/wp\/v2\/media?parent=9902"}],"wp:term":[{"taxonomy":"product_brand","embeddable":true,"href":"https:\/\/sfu.sk\/en\/wp-json\/wp\/v2\/product_brand?post=9902"},{"taxonomy":"product_cat","embeddable":true,"href":"https:\/\/sfu.sk\/en\/wp-json\/wp\/v2\/product_cat?post=9902"},{"taxonomy":"product_tag","embeddable":true,"href":"https:\/\/sfu.sk\/en\/wp-json\/wp\/v2\/product_tag?post=9902"}],"curies":[{"name":"wp","href":"https:\/\/api.w.org\/{rel}","templated":true}]}}