{"id":9917,"date":"2022-11-03T09:48:35","date_gmt":"2022-11-03T08:48:35","guid":{"rendered":"https:\/\/sfu.sk\/eshop\/sen-o-vasni-ako-vznikala-metoda\/"},"modified":"2023-08-30T09:47:07","modified_gmt":"2023-08-30T07:47:07","slug":"sen-o-vasni-ako-vznikala-metoda","status":"publish","type":"product","link":"https:\/\/sfu.sk\/en\/eshop\/sen-o-vasni-ako-vznikala-metoda\/","title":{"rendered":"Sen o v\u00e1\u0161ni: Ako vznikala met\u00f3da"},"content":{"rendered":"","protected":false},"excerpt":{"rendered":"","protected":false},"featured_media":8044,"comment_status":"closed","ping_status":"open","template":"","meta":{"_acf_changed":false,"inline_featured_image":false},"product_brand":[],"product_cat":[72],"product_tag":[],"class_list":{"0":"post-9917","1":"product","2":"type-product","3":"status-publish","4":"has-post-thumbnail","6":"product_cat-nezaradene","7":"vydavatel-tituly-ine-en","9":"first","10":"instock","11":"purchasable","12":"product-type-simple"},"acf":[],"_links":{"self":[{"href":"https:\/\/sfu.sk\/en\/wp-json\/wp\/v2\/product\/9917","targetHints":{"allow":["GET"]}}],"collection":[{"href":"https:\/\/sfu.sk\/en\/wp-json\/wp\/v2\/product"}],"about":[{"href":"https:\/\/sfu.sk\/en\/wp-json\/wp\/v2\/types\/product"}],"replies":[{"embeddable":true,"href":"https:\/\/sfu.sk\/en\/wp-json\/wp\/v2\/comments?post=9917"}],"wp:featuredmedia":[{"embeddable":true,"href":"https:\/\/sfu.sk\/en\/wp-json\/wp\/v2\/media\/8044"}],"wp:attachment":[{"href":"https:\/\/sfu.sk\/en\/wp-json\/wp\/v2\/media?parent=9917"}],"wp:term":[{"taxonomy":"product_brand","embeddable":true,"href":"https:\/\/sfu.sk\/en\/wp-json\/wp\/v2\/product_brand?post=9917"},{"taxonomy":"product_cat","embeddable":true,"href":"https:\/\/sfu.sk\/en\/wp-json\/wp\/v2\/product_cat?post=9917"},{"taxonomy":"product_tag","embeddable":true,"href":"https:\/\/sfu.sk\/en\/wp-json\/wp\/v2\/product_tag?post=9917"}],"curies":[{"name":"wp","href":"https:\/\/api.w.org\/{rel}","templated":true}]}}