{"id":9919,"date":"2016-03-30T11:45:15","date_gmt":"2016-03-30T09:45:15","guid":{"rendered":"https:\/\/sfu.sk\/eshop\/si-j-avais-un-fusil\/"},"modified":"2023-08-30T09:47:07","modified_gmt":"2023-08-30T07:47:07","slug":"si-j-avais-un-fusil","status":"publish","type":"product","link":"https:\/\/sfu.sk\/en\/eshop\/si-j-avais-un-fusil\/","title":{"rendered":"Si J\u00b4avais un Fusil"},"content":{"rendered":"<p>\n\tDurant la seconde guerre mondiale, Vlado, un adolescent de 13 ans, vit dans la mis\u00e8re avec toute sa famille. Malgr\u00e9 une vie difficile, le quotidien s\u2019\u00e9claire des jeux avec les copains, des r\u00eaves et des d\u00e9couvertes, juste avant l\u2019adolescence. Mais la guerre se fait pressante : la menace permanente de la violence nazie, les actions des partisans, les soldats errants \u2026 Viktor, son meilleur ami, s\u2019engage dans la r\u00e9sistance et doit partir.<br \/>\n\tFilm &#8211; dans sa forme &#8211; d\u2019une \u00e9tonnante l\u00e9g\u00e8ret\u00e9, Si j\u2019avais un fusil s\u2019\u00e9carte du traditionnel et virtuose formalisme de Uher pour raconter sa propre enfance rurale dans une p\u00e9riode troubl\u00e9e. Sans renoncer \u00e0 des apart\u00e9s oniriques, Uher brosse \u00e0 travers cette chronique de l\u2019enfance un climat de danger permanent, \u00e0 la crois\u00e9e de Jeux interdits et de Guerre des boutons, dans une \u0153uvre \u00e0 la fois tendre et terrible, po\u00e9tique et m\u00e9lange de mort et d\u2019irr\u00e9pressible envie de vivre.<br \/>\n\t&nbsp;<\/p>\n","protected":false},"excerpt":{"rendered":"<p>Durant la seconde guerre mondiale, Vlado, un adolescent de 13 ans, vit dans la mis\u00e8re avec toute sa famille. Malgr\u00e9 une vie difficile, le quotidien s\u2019\u00e9claire des jeux avec les copains, des r\u00eaves et des d\u00e9couvertes, juste avant l\u2019adolescence. Mais la guerre se fait pressante : la menace permanente de la violence nazie, les actions [&hellip;]<\/p>\n","protected":false},"featured_media":8050,"comment_status":"closed","ping_status":"closed","template":"","meta":{"_acf_changed":false,"inline_featured_image":false},"product_brand":[],"product_cat":[],"product_tag":[],"class_list":{"0":"post-9919","1":"product","2":"type-product","3":"status-publish","4":"has-post-thumbnail","6":"vydavatel-tituly-ine-en","8":"first","9":"outofstock","10":"sale","11":"purchasable","12":"product-type-simple"},"acf":[],"_links":{"self":[{"href":"https:\/\/sfu.sk\/en\/wp-json\/wp\/v2\/product\/9919","targetHints":{"allow":["GET"]}}],"collection":[{"href":"https:\/\/sfu.sk\/en\/wp-json\/wp\/v2\/product"}],"about":[{"href":"https:\/\/sfu.sk\/en\/wp-json\/wp\/v2\/types\/product"}],"replies":[{"embeddable":true,"href":"https:\/\/sfu.sk\/en\/wp-json\/wp\/v2\/comments?post=9919"}],"wp:featuredmedia":[{"embeddable":true,"href":"https:\/\/sfu.sk\/en\/wp-json\/wp\/v2\/media\/8050"}],"wp:attachment":[{"href":"https:\/\/sfu.sk\/en\/wp-json\/wp\/v2\/media?parent=9919"}],"wp:term":[{"taxonomy":"product_brand","embeddable":true,"href":"https:\/\/sfu.sk\/en\/wp-json\/wp\/v2\/product_brand?post=9919"},{"taxonomy":"product_cat","embeddable":true,"href":"https:\/\/sfu.sk\/en\/wp-json\/wp\/v2\/product_cat?post=9919"},{"taxonomy":"product_tag","embeddable":true,"href":"https:\/\/sfu.sk\/en\/wp-json\/wp\/v2\/product_tag?post=9919"}],"curies":[{"name":"wp","href":"https:\/\/api.w.org\/{rel}","templated":true}]}}