{"id":9927,"date":"2016-02-10T09:46:47","date_gmt":"2016-02-10T08:46:47","guid":{"rendered":"https:\/\/sfu.sk\/eshop\/skladba-a-rad-cesky-teoretik-filmu-a-televize-jan-kucera\/"},"modified":"2023-08-30T09:47:09","modified_gmt":"2023-08-30T07:47:09","slug":"skladba-a-rad-cesky-teoretik-filmu-a-televize-jan-kucera","status":"publish","type":"product","link":"https:\/\/sfu.sk\/en\/eshop\/skladba-a-rad-cesky-teoretik-filmu-a-televize-jan-kucera\/","title":{"rendered":"Skladba a \u0159\u00e1d. \u010cesk\u00fd teoretik filmu a televize Jan Ku\u010dera"},"content":{"rendered":"","protected":false},"excerpt":{"rendered":"","protected":false},"featured_media":8074,"comment_status":"closed","ping_status":"open","template":"","meta":{"_acf_changed":false,"inline_featured_image":false},"product_brand":[],"product_cat":[72],"product_tag":[],"class_list":{"0":"post-9927","1":"product","2":"type-product","3":"status-publish","4":"has-post-thumbnail","6":"product_cat-nezaradene","7":"vydavatel-tituly-ine-en","9":"first","10":"instock","11":"sale","12":"purchasable","13":"product-type-simple"},"acf":[],"_links":{"self":[{"href":"https:\/\/sfu.sk\/en\/wp-json\/wp\/v2\/product\/9927","targetHints":{"allow":["GET"]}}],"collection":[{"href":"https:\/\/sfu.sk\/en\/wp-json\/wp\/v2\/product"}],"about":[{"href":"https:\/\/sfu.sk\/en\/wp-json\/wp\/v2\/types\/product"}],"replies":[{"embeddable":true,"href":"https:\/\/sfu.sk\/en\/wp-json\/wp\/v2\/comments?post=9927"}],"wp:featuredmedia":[{"embeddable":true,"href":"https:\/\/sfu.sk\/en\/wp-json\/wp\/v2\/media\/8074"}],"wp:attachment":[{"href":"https:\/\/sfu.sk\/en\/wp-json\/wp\/v2\/media?parent=9927"}],"wp:term":[{"taxonomy":"product_brand","embeddable":true,"href":"https:\/\/sfu.sk\/en\/wp-json\/wp\/v2\/product_brand?post=9927"},{"taxonomy":"product_cat","embeddable":true,"href":"https:\/\/sfu.sk\/en\/wp-json\/wp\/v2\/product_cat?post=9927"},{"taxonomy":"product_tag","embeddable":true,"href":"https:\/\/sfu.sk\/en\/wp-json\/wp\/v2\/product_tag?post=9927"}],"curies":[{"name":"wp","href":"https:\/\/api.w.org\/{rel}","templated":true}]}}